{"id":75,"date":"2014-11-24T15:22:10","date_gmt":"2014-11-24T14:22:10","guid":{"rendered":"http:\/\/www.chs-yonne.fr\/girard-de-roussillon\/?page_id=75"},"modified":"2021-08-13T14:47:59","modified_gmt":"2021-08-13T13:47:59","slug":"qualite-securite-des-soins","status":"publish","type":"page","link":"https:\/\/www.chs-yonne.fr\/girard-de-roussillon\/qualite-securite-des-soins\/","title":{"rendered":"Qualit\u00e9 \/ s\u00e9curit\u00e9 des soins"},"content":{"rendered":"<h2><em><strong>Notre Politique : L&rsquo;am\u00e9lioration continue de la Qualit\u00e9 et de la S\u00e9curit\u00e9 de vos Soins<\/strong><\/em><\/h2>\n<p>Toutes les \u00e9quipes de la R\u00e9sidence Girard de Roussillon concourent \u00e0 la qualit\u00e9 de votre s\u00e9jour et \u00e0 la s\u00e9curit\u00e9 de vos soins, qu\u2019il s\u2019agisse du personnel m\u00e9dical, de l\u2019\u00e9quipe soignante, des personnels \u00e9ducatifs, des services techniques de maintenance du mat\u00e9riel et des b\u00e2timents, de logistique h\u00f4teli\u00e8re ou des services administratifs, par :<\/p>\n<ul>\n<li><strong>La mise en place d&rsquo;une culture qualit\u00e9 :<\/strong><\/li>\n<\/ul>\n<p><strong><a href=\"http:\/\/www.chs-yonne.fr\/girard-de-roussillon\/wp-content\/uploads\/sites\/2\/2014\/11\/certification.png\" data-rel=\"lightbox-image-0\" data-rl_title=\"\" data-rl_caption=\"\" title=\"\"><img loading=\"lazy\" decoding=\"async\" class=\"alignleft size-full wp-image-87\" src=\"http:\/\/www.chs-yonne.fr\/girard-de-roussillon\/wp-content\/uploads\/sites\/2\/2014\/11\/certification.png\" alt=\"certification\" width=\"74\" height=\"116\" \/><\/a>A savoir :<\/strong><\/p>\n<p>L&rsquo;\u00e9tablissement a entrepris un programme d&rsquo;\u00e9valuation interne et externe de la qualit\u00e9 de son organisation et son fonctionnement. Ce travail a permis la mise en place d&rsquo;actions d&rsquo;am\u00e9lioration de nos pratiques, de nos locaux et de la qualit\u00e9 de vie des r\u00e9sidents.<\/p>\n<ul>\n<li><strong>Des relations de confiance :<\/strong><\/li>\n<\/ul>\n<p><a href=\"http:\/\/www.chs-yonne.fr\/girard-de-roussillon\/wp-content\/uploads\/sites\/2\/2014\/11\/confiance.png\" data-rel=\"lightbox-image-1\" data-rl_title=\"\" data-rl_caption=\"\" title=\"\"><img loading=\"lazy\" decoding=\"async\" class=\"alignleft size-full wp-image-88\" src=\"http:\/\/www.chs-yonne.fr\/girard-de-roussillon\/wp-content\/uploads\/sites\/2\/2014\/11\/confiance.png\" alt=\"confiance\" width=\"74\" height=\"116\" \/><\/a>Les professionnels de sant\u00e9 sont \u00e0 votre \u00e9coute pendant votre s\u00e9jour.<\/p>\n<p>Si vous rencontrez des difficult\u00e9s, n\u2019h\u00e9sitez pas \u00e0 en faire part au cadre de sant\u00e9 du service, ou au m\u00e9decin, afin que tout soit mis en \u0153uvre pour rem\u00e9dier \u00e0 la situation dans les meilleurs d\u00e9lais.<\/p>\n<ul>\n<li><strong>L&rsquo;acc\u00e8s \u00e0 des soins appropri\u00e9s :<\/strong><\/li>\n<\/ul>\n<p><a href=\"http:\/\/www.chs-yonne.fr\/girard-de-roussillon\/wp-content\/uploads\/sites\/2\/2014\/11\/soins.png\" data-rel=\"lightbox-image-2\" data-rl_title=\"\" data-rl_caption=\"\" title=\"\"><img loading=\"lazy\" decoding=\"async\" class=\"alignleft size-full wp-image-90\" src=\"http:\/\/www.chs-yonne.fr\/girard-de-roussillon\/wp-content\/uploads\/sites\/2\/2014\/11\/soins.png\" alt=\"soins\" width=\"74\" height=\"116\" \/><\/a>Tous nos r\u00e9sidents b\u00e9n\u00e9ficient des soins les plus appropri\u00e9s \u00e0 leur \u00e9tat de sant\u00e9, au regard des moyens diagnostiques et th\u00e9rapeutiques disponibles dans notre \u00e9tablissement.<\/p>\n<p>En cas de n\u00e9cessit\u00e9, nous assurons l\u2019orientation et \u00e9ventuellement le transfert des r\u00e9sidents vers des structures adapt\u00e9es \u00e0 leur prise en charge.<\/p>\n<ul>\n<li><strong>Le suivi th\u00e9rapeutique :<\/strong><\/li>\n<\/ul>\n<p><strong>Moi et mes m\u00e9dicaments :<\/strong><\/p>\n<p><a href=\"http:\/\/www.chs-yonne.fr\/girard-de-roussillon\/wp-content\/uploads\/sites\/2\/2014\/11\/medoc2.png\" data-rel=\"lightbox-image-3\" data-rl_title=\"\" data-rl_caption=\"\" title=\"\"><img loading=\"lazy\" decoding=\"async\" class=\"alignleft size-full wp-image-89\" src=\"http:\/\/www.chs-yonne.fr\/girard-de-roussillon\/wp-content\/uploads\/sites\/2\/2014\/11\/medoc2.png\" alt=\"medoc2\" width=\"97\" height=\"134\" \/><\/a>Les m\u00e9dicaments que l\u2019on vous a prescrits sont n\u00e9cessaires pour am\u00e9liorer votre sant\u00e9. Pour une bonne prise en charge pendant votre s\u00e9jour, pensez \u00e0 informer les professionnels de sant\u00e9 (m\u00e9decins, infirmiers) :<\/p>\n<ul>\n<li>Si vous avez des allergies m\u00e9dicamenteuses<\/li>\n<li>Si des m\u00e9dicaments vous sont prescrits par d\u2019autres professionnels, apportez les doubles de vos prescriptions en cours,<\/li>\n<li>Si vous prenez des m\u00e9dicaments \u00e0 base de plantes, des\u00a0vitamines, des compl\u00e9ments alimentaires ou d\u2019autres m\u00e9dicaments disponibles sans ordonnance,<\/li>\n<\/ul>\n<p>Signalez rapidement \u00e0 un professionnel de sant\u00e9 (m\u00e9decin, infirmier) les effets ind\u00e9sirables li\u00e9s \u00e0 la prise de m\u00e9dicaments.<\/p>\n<p><b><i>NE PAS PRENDRE DE MEDICAMENTS NON PRESCRITS SANS L\u2019AVIS D\u2019UN PROFESSIONNEL DE SANTE.<\/i><\/b><\/p>\n","protected":false},"excerpt":{"rendered":"<p>Notre Politique : L&rsquo;am\u00e9lioration continue de la Qualit\u00e9 et de la S\u00e9curit\u00e9 [&hellip;]<\/p>\n","protected":false},"author":1,"featured_media":0,"parent":0,"menu_order":0,"comment_status":"open","ping_status":"open","template":"","meta":{"footnotes":""},"class_list":["post-75","page","type-page","status-publish","hentry"],"_links":{"self":[{"href":"https:\/\/www.chs-yonne.fr\/girard-de-roussillon\/wp-json\/wp\/v2\/pages\/75","targetHints":{"allow":["GET"]}}],"collection":[{"href":"https:\/\/www.chs-yonne.fr\/girard-de-roussillon\/wp-json\/wp\/v2\/pages"}],"about":[{"href":"https:\/\/www.chs-yonne.fr\/girard-de-roussillon\/wp-json\/wp\/v2\/types\/page"}],"author":[{"embeddable":true,"href":"https:\/\/www.chs-yonne.fr\/girard-de-roussillon\/wp-json\/wp\/v2\/users\/1"}],"replies":[{"embeddable":true,"href":"https:\/\/www.chs-yonne.fr\/girard-de-roussillon\/wp-json\/wp\/v2\/comments?post=75"}],"version-history":[{"count":11,"href":"https:\/\/www.chs-yonne.fr\/girard-de-roussillon\/wp-json\/wp\/v2\/pages\/75\/revisions"}],"predecessor-version":[{"id":356,"href":"https:\/\/www.chs-yonne.fr\/girard-de-roussillon\/wp-json\/wp\/v2\/pages\/75\/revisions\/356"}],"wp:attachment":[{"href":"https:\/\/www.chs-yonne.fr\/girard-de-roussillon\/wp-json\/wp\/v2\/media?parent=75"}],"curies":[{"name":"wp","href":"https:\/\/api.w.org\/{rel}","templated":true}]}}