{"id":69,"date":"2014-11-24T15:19:09","date_gmt":"2014-11-24T14:19:09","guid":{"rendered":"http:\/\/www.chs-yonne.fr\/girard-de-roussillon\/?page_id=69"},"modified":"2021-12-09T14:54:19","modified_gmt":"2021-12-09T13:54:19","slug":"votre-sortie","status":"publish","type":"page","link":"https:\/\/www.chs-yonne.fr\/girard-de-roussillon\/votre-sortie\/","title":{"rendered":"Votre sortie"},"content":{"rendered":"\n<h3 class=\"wp-block-heading\"><strong>La permission de sortie :<\/strong><\/h3>\n\n\n\n<ul class=\"wp-block-list\"><li>Les r\u00e9sidents peuvent sortir de la R\u00e9sidence sur d\u00e9cision de la Direction, apr\u00e8s \u00e9ventuellement avis des m\u00e9decins,\u00a0tous les jours\u00a0de 8h30 \u00e0 12h00 et de 13 h 00 \u00e0 17 h 00.<\/li><li>Toute sortie accompagn\u00e9e, par un membre de la famille, le tuteur, etc&#8230;, se fait durant les heures de visite de l\u2019\u00e9tablissement, \u00e0 savoir tous les jours de 8h30 \u00e0 12h00 et de 13 h 00 \u00e0 18 h 30.<\/li><li><strong>Tout r\u00e9sident qui s\u2019absenterait, pour quelque motif que ce soit, doit en r\u00e9f\u00e9rer \u00e0 l\u2019infirmerie.<\/strong><\/li><\/ul>\n\n\n\n<h3 class=\"wp-block-heading\"><strong>La sortie dans le cadres de vacances<\/strong><\/h3>\n\n\n\n<ul class=\"wp-block-list\"><li>Les r\u00e9sidents peuvent s\u2019absenter pour des vacances, dans la\u00a0limite de 35 jours par an.<\/li><li><strong>Pendant cette absence, les frais de s\u00e9jour ne sont pas factur\u00e9s.<\/strong><\/li><li>Pour toute sortie week-end ou sup\u00e9rieure \u00e0 deux jours, une\u00a0demande pr\u00e9alable doit \u00eatre faite avant le mercredi pr\u00e9c\u00e9dant la sortie.<\/li><\/ul>\n\n\n\n<h3 class=\"wp-block-heading\"><strong>La sortie dans le cadre des activit\u00e9s propos\u00e9es par la r\u00e9sidence :<\/strong><\/h3>\n\n\n\n<ul class=\"wp-block-list\"><li>&nbsp;Dans le cadre des activit\u00e9s propos\u00e9es par la R\u00e9sidence Girard de Roussillon, les frais de transport collectifs sont \u00e0 la charge de l\u2019\u00e9tablissement. Cependant, les frais de sortie (exemple : droit d\u2019entr\u00e9e dans un lieu culturel) donne lieu \u00e0 une participation du r\u00e9sident.<\/li><li>Les frais de transport chez un m\u00e9decin de ville peuvent \u00eatre assur\u00e9s par l\u2019\u00e9tablissement, dans les v\u00e9hicules de l\u2019\u00e9tablissement.<\/li><\/ul>\n\n\n\n<h3 class=\"wp-block-heading\">&nbsp;<strong>Sortie en ambulance :<\/strong><\/h3>\n\n\n\n<ul class=\"wp-block-list\"><li>En mati\u00e8re d\u2019hospitalisation du r\u00e9sident dans un autre \u00e9tablissement, le transport est assur\u00e9 par une ambulance priv\u00e9e. Les frais de transfert sont pris en charge : <ul><li>par la S\u00e9curit\u00e9 Sociale, lorsque le r\u00e9sident est pris en charge \u00e0 100 %,<\/li><li>conjointement par la S\u00e9curit\u00e9 Sociale pour 65 %, et le r\u00e9sident pour 35 %, lorsque le ticket mod\u00e9rateur est \u00e0 la charge du r\u00e9sident. <\/li><\/ul><\/li><\/ul>\n\n\n\n<h3 class=\"wp-block-heading\"><b>La sortie d\u00e9finitive :<\/b><\/h3>\n\n\n\n<ul class=\"wp-block-list\"><li><strong>R\u00e9siliation du contrat \u00e0 l\u2019initiative du r\u00e9sident ou de son repr\u00e9sentant :<\/strong> La d\u00e9cision doit \u00eatre notifi\u00e9e \u00e0 la Direction de l\u2019\u00e9tablissement, par lettre recommand\u00e9e avec accus\u00e9 de r\u00e9ception, dans un d\u00e9lai de 15 jours avant la date pr\u00e9vue pour le d\u00e9part.<\/li><li><strong>R\u00e9siliation en cas d\u2019inadaptation de l\u2019\u00e9tat de sant\u00e9 du r\u00e9sident :<\/strong> Si l\u2019\u00e9tat de sant\u00e9 du r\u00e9sident ne permet plus le maintien dans l\u2019\u00e9tablissement, la Direction prend toute mesure appropri\u00e9e en concertation avec les parties concern\u00e9es (m\u00e9decin g\u00e9n\u00e9raliste et m\u00e9decin psychiatre). En cas d\u2019urgence, le Directeur de l\u2019\u00e9tablissement prend, sur proposition des m\u00e9decins, toutes les mesures n\u00e9cessaires.<\/li><li><strong>R\u00e9siliation pour trouble \u00e0 la vie en collectivit\u00e9 :<\/strong> Lorsqu\u2019un r\u00e9sident, d\u00fbment averti, cause des troubles persistants au sein de la structure, la Direction, en accord avec le m\u00e9decin g\u00e9n\u00e9raliste et le psychiatre, prend toutes les mesures appropri\u00e9es pouvant aller jusqu\u2019\u00e0 l\u2019exclusion de l\u2019int\u00e9ress\u00e9.<\/li><li><strong>R\u00e9siliation pour cause de d\u00e9c\u00e8s :<\/strong> Le d\u00e9c\u00e8s du r\u00e9sident met fin au contrat. La chambre devra \u00eatre lib\u00e9r\u00e9e sous 15 jours.<\/li><\/ul>\n","protected":false},"excerpt":{"rendered":"<p>La permission de sortie : Les r\u00e9sidents peuvent sortir de la R\u00e9sidence [&hellip;]<\/p>\n","protected":false},"author":1,"featured_media":0,"parent":0,"menu_order":0,"comment_status":"open","ping_status":"open","template":"","meta":{"footnotes":""},"class_list":["post-69","page","type-page","status-publish","hentry"],"_links":{"self":[{"href":"https:\/\/www.chs-yonne.fr\/girard-de-roussillon\/wp-json\/wp\/v2\/pages\/69","targetHints":{"allow":["GET"]}}],"collection":[{"href":"https:\/\/www.chs-yonne.fr\/girard-de-roussillon\/wp-json\/wp\/v2\/pages"}],"about":[{"href":"https:\/\/www.chs-yonne.fr\/girard-de-roussillon\/wp-json\/wp\/v2\/types\/page"}],"author":[{"embeddable":true,"href":"https:\/\/www.chs-yonne.fr\/girard-de-roussillon\/wp-json\/wp\/v2\/users\/1"}],"replies":[{"embeddable":true,"href":"https:\/\/www.chs-yonne.fr\/girard-de-roussillon\/wp-json\/wp\/v2\/comments?post=69"}],"version-history":[{"count":9,"href":"https:\/\/www.chs-yonne.fr\/girard-de-roussillon\/wp-json\/wp\/v2\/pages\/69\/revisions"}],"predecessor-version":[{"id":421,"href":"https:\/\/www.chs-yonne.fr\/girard-de-roussillon\/wp-json\/wp\/v2\/pages\/69\/revisions\/421"}],"wp:attachment":[{"href":"https:\/\/www.chs-yonne.fr\/girard-de-roussillon\/wp-json\/wp\/v2\/media?parent=69"}],"curies":[{"name":"wp","href":"https:\/\/api.w.org\/{rel}","templated":true}]}}