{"id":67,"date":"2014-11-24T15:17:38","date_gmt":"2014-11-24T14:17:38","guid":{"rendered":"http:\/\/www.chs-yonne.fr\/girard-de-roussillon\/?page_id=67"},"modified":"2021-12-09T14:46:32","modified_gmt":"2021-12-09T13:46:32","slug":"votre-sejour","status":"publish","type":"page","link":"https:\/\/www.chs-yonne.fr\/girard-de-roussillon\/votre-sejour\/","title":{"rendered":"Votre s\u00e9jour"},"content":{"rendered":"\n<div style=\"height:25px\" aria-hidden=\"true\" class=\"wp-block-spacer\"><\/div>\n\n\n\n<h2 class=\"has-text-align-center wp-block-heading\">Un agr\u00e9able s\u00e9jour \u00e0 la R\u00e9sidence Girard de Roussillon<\/h2>\n\n\n\n<h3 class=\"wp-block-heading\"><a href=\"http:\/\/www.chs-yonne.fr\/girard-de-roussillon\/wp-content\/uploads\/sites\/2\/2014\/11\/poulet.png\" data-rel=\"lightbox-image-0\" data-rl_title=\"\" data-rl_caption=\"\" title=\"\"><img loading=\"lazy\" decoding=\"async\" class=\"alignleft size-full wp-image-164\" src=\"http:\/\/www.chs-yonne.fr\/girard-de-roussillon\/wp-content\/uploads\/sites\/2\/2014\/11\/poulet.png\" alt=\"poulet\" width=\"100\" height=\"157\"><\/a>LA CHAMBRE ET LES REPAS<\/h3>\n\n\n\n<p>L\u2019\u00e9tablissement met \u00e0 votre disposition une chambre individuelle, \u00e9quip\u00e9e d&rsquo;une salle de bain avec lavabo, douche et sanitaire, et meubl\u00e9e par nos soins (lit, bureau avec chaise, table de nuit, placard et sonnette d&rsquo;appel). Toute personne accueillie peut personnaliser cet espace privatif (sauf la literie pour des raisons de s\u00e9curit\u00e9). L\u2019entretien des chambres est effectu\u00e9 par les agents de service hospitalier. La fourniture de l\u2019\u00e9lectricit\u00e9, du chauffage et de l\u2019eau est \u00e0 la charge de l\u2019\u00e9tablissement, seules l\u2019installation d\u2019une ligne t\u00e9l\u00e9phonique et les communications y aff\u00e9rentes sont \u00e0 la charge du r\u00e9sident.<br>Les repas sont servis dans la salle \u00e0 manger attenante au lieu de vie du r\u00e9sident aux horaires suivants :<\/p>\n\n\n\n<ul class=\"wp-block-list\"><li>-&gt; Petit-d\u00e9jeuner vers 8 h 00,<\/li><li>-&gt; D\u00e9jeuner vers 12 h 00,<\/li><li>-&gt; Collation vers 16 h 00,<\/li><li>-&gt; D\u00eener vers&nbsp;19 h 00<\/li><\/ul>\n\n\n\n<p>Si votre \u00e9tat n\u2019autorise pas le d\u00e9placement, les repas pourront \u00eatre pris dans la chambre.<\/p>\n\n\n\n<p>Si vous suivez un r\u00e9gime th\u00e9rapeutique \u00e0 votre arriv\u00e9e, ou si un m\u00e9decin vous en prescrit un au cours de votre s\u00e9jour, un entretien avec la di\u00e9t\u00e9ticienne et un suivi di\u00e9t\u00e9tique sont pr\u00e9vus.<\/p>\n\n\n\n<h3 class=\"wp-block-heading\"><img loading=\"lazy\" decoding=\"async\" class=\"alignleft size-full wp-image-165\" src=\"http:\/\/www.chs-yonne.fr\/girard-de-roussillon\/wp-content\/uploads\/sites\/2\/2014\/11\/chemise.png\" alt=\"chemise\" width=\"74\" height=\"116\">VOS V\u00caTEMENTS ET LE LINGE DOMESTIQUE<\/h3>\n\n\n\n<p>Pendant votre s\u00e9jour, pr\u00e9voyez du linge personnel (jour-nuit) et votre n\u00e9cessaire de toilette. Votre linge personnel est identifi\u00e9 par les ling\u00e8res de la structure, gr\u00e2ce au syst\u00e8me de l\u2019\u00e9tiquetage, et il est trait\u00e9 par la Blanchisserie Inter-Hospitali\u00e8re. Le linge domestique (draps, serviettes de toilettes, gants) est fourni et entretenu par l\u2019\u00e9tablissement.<\/p>\n\n\n\n<h3 class=\"wp-block-heading\"><a href=\"http:\/\/www.chs-yonne.fr\/girard-de-roussillon\/wp-content\/uploads\/sites\/2\/2014\/11\/courrier-e1628855980770.png\" data-rel=\"lightbox-image-1\" data-rl_title=\"\" data-rl_caption=\"\" title=\"\"><img loading=\"lazy\" decoding=\"async\" class=\"wp-image-166 size-full alignleft\" src=\"http:\/\/www.chs-yonne.fr\/girard-de-roussillon\/wp-content\/uploads\/sites\/2\/2014\/11\/courrier-e1628855980770.png\" alt=\"\" width=\"74\" height=\"76\"><\/a>VOTRE COURRIER<\/h3>\n\n\n\n<p>Le courrier est distribu\u00e9 chaque jour, du lundi au vendredi.<br>Il peut \u00eatre lu ou expliqu\u00e9 \u00e0 votre demande.<\/p>\n\n\n\n<h3 class=\"wp-block-heading\"><a href=\"http:\/\/www.chs-yonne.fr\/girard-de-roussillon\/wp-content\/uploads\/sites\/2\/2014\/11\/tv.png\" data-rel=\"lightbox-image-2\" data-rl_title=\"\" data-rl_caption=\"\" title=\"\"><img loading=\"lazy\" decoding=\"async\" class=\"size-full wp-image-167 alignleft\" src=\"http:\/\/www.chs-yonne.fr\/girard-de-roussillon\/wp-content\/uploads\/sites\/2\/2014\/11\/tv.png\" alt=\"tv\" width=\"74\" height=\"116\"><\/a>LA TELEVISION ET LA RADIO<\/h3>\n\n\n\n<p>Une t\u00e9l\u00e9vision, ainsi qu&rsquo;un lecteur DVD sont \u00e0 votre disposition dans les salles d&rsquo;activit\u00e9 de chacune des unit\u00e9s de soins. Vous pouvez, si vous le souhaitez, apporter un poste de radio, une t\u00e9l\u00e9vision&#8230;<br>Dans tous les cas, nous vous recommandons de respecter la tranquillit\u00e9 et le repos de vos voisins, ainsi que les horaires d\u2019utilisation de la t\u00e9l\u00e9vision.<\/p>\n\n\n\n<h3 class=\"wp-block-heading\"><a href=\"http:\/\/www.chs-yonne.fr\/girard-de-roussillon\/wp-content\/uploads\/sites\/2\/2014\/11\/tel.png\" data-rel=\"lightbox-image-3\" data-rl_title=\"\" data-rl_caption=\"\" title=\"\"><img loading=\"lazy\" decoding=\"async\" class=\"alignleft size-full wp-image-168\" src=\"http:\/\/www.chs-yonne.fr\/girard-de-roussillon\/wp-content\/uploads\/sites\/2\/2014\/11\/tel.png\" alt=\"tel\" width=\"74\" height=\"116\"><\/a>LE TELEPHONE<\/h3>\n\n\n\n<p>Un point t\u00e9l\u00e9phone est mis \u00e0 votre disposition dans le hall d\u2019accueil de la R\u00e9sidence.<br>Vous avez la possibilit\u00e9 d\u2019y recevoir des appels t\u00e9l\u00e9phoniques, dans la mesure o\u00f9 ceux-ci ne g\u00eanent pas le fonctionnement des services.<\/p>\n\n\n\n<h3 class=\"wp-block-heading\"><a href=\"http:\/\/www.chs-yonne.fr\/girard-de-roussillon\/wp-content\/uploads\/sites\/2\/2014\/11\/ciseaux-e1628856011599.png\" data-rel=\"lightbox-image-4\" data-rl_title=\"\" data-rl_caption=\"\" title=\"\"><img loading=\"lazy\" decoding=\"async\" class=\"wp-image-169 size-full alignleft\" src=\"http:\/\/www.chs-yonne.fr\/girard-de-roussillon\/wp-content\/uploads\/sites\/2\/2014\/11\/ciseaux-e1628856011599.png\" alt=\"\" width=\"74\" height=\"78\"><\/a>UN SALON DE COIFFURE<\/h3>\n\n\n\n<p>Notre R\u00e9sidence est \u00e9quip\u00e9e d&rsquo;un salon de coiffure.<br>Pour prendre rendez-vous avec la coiffeuse, faites-en la demande aupr\u00e8s de l\u2019\u00e9quipe soignante.<\/p>\n\n\n\n<h3 class=\"wp-block-heading\"><a href=\"http:\/\/www.chs-yonne.fr\/girard-de-roussillon\/wp-content\/uploads\/sites\/2\/2014\/11\/culte-e1628856087403.png\" data-rel=\"lightbox-image-5\" data-rl_title=\"\" data-rl_caption=\"\" title=\"\"><img loading=\"lazy\" decoding=\"async\" class=\"wp-image-172 size-full alignleft\" src=\"http:\/\/www.chs-yonne.fr\/girard-de-roussillon\/wp-content\/uploads\/sites\/2\/2014\/11\/culte-e1628856087403.png\" alt=\"\" width=\"74\" height=\"76\"><\/a><\/h3>\n\n\n\n<h3 class=\"wp-block-heading\">LE CULTE<\/h3>\n\n\n\n<p>La R\u00e9sidence Girard de Roussillon est un espace la\u00efc. Pour autant, nous respectons les croyances et les convictions des personnes accueillies.<\/p>\n\n\n\n<h3 class=\"wp-block-heading\"><a href=\"http:\/\/www.chs-yonne.fr\/girard-de-roussillon\/wp-content\/uploads\/sites\/2\/2014\/11\/visites.png\" data-rel=\"lightbox-image-6\" data-rl_title=\"\" data-rl_caption=\"\" title=\"\"><img loading=\"lazy\" decoding=\"async\" class=\"alignleft size-full wp-image-173\" src=\"http:\/\/www.chs-yonne.fr\/girard-de-roussillon\/wp-content\/uploads\/sites\/2\/2014\/11\/visites.png\" alt=\"visites\" width=\"74\" height=\"116\"><\/a>LES VISITES<\/h3>\n\n\n\n<p>Vos proches ont la possibilit\u00e9 de vous rendre visite, sauf avis contraire du personnel m\u00e9dical ou soignant, ou encore refus de votre part.<br>Les visites se font dans les lieux collectifs ou dans les chambres individuelles de 8h30 \u00e0 12h00 et de 13 h 30 \u00e0 18 h 30.<\/p>\n\n\n\n<hr class=\"wp-block-separator has-text-color has-background has-black-background-color has-black-color is-style-dots\" \/>\n\n\n\n<h2 class=\"has-text-align-center wp-block-heading\">Les R\u00e8gles de vie de la R\u00e9sidence Girard de Roussillon<\/h2>\n\n\n\n<p><strong>La vie en r\u00e9sidence implique le respect des r\u00e8gles essentielles de la vie en collectivit\u00e9. Voici nos conseils et recommandations pour votre confort et votre s\u00e9curit\u00e9 :<\/strong><\/p>\n\n\n\n<h3 class=\"wp-block-heading\"><a href=\"http:\/\/www.chs-yonne.fr\/girard-de-roussillon\/wp-content\/uploads\/sites\/2\/2014\/11\/sortie.png\" data-rel=\"lightbox-image-7\" data-rl_title=\"\" data-rl_caption=\"\" title=\"\"><img loading=\"lazy\" decoding=\"async\" class=\"alignleft size-full wp-image-174\" src=\"http:\/\/www.chs-yonne.fr\/girard-de-roussillon\/wp-content\/uploads\/sites\/2\/2014\/11\/sortie.png\" alt=\"sortie\" width=\"74\" height=\"116\"><\/a>AUTORISATION DE SORTIE<\/h3>\n\n\n\n<p>Les r\u00e9sidents peuvent sortir de la R\u00e9sidence sur d\u00e9cision de la Direction, apr\u00e8s \u00e9ventuellement avis des m\u00e9decins, tous les jours de&nbsp;8 h 30 \u00e0&nbsp;12 h 00 et de 13h00 \u00e0 17h00.<br>Toute sortie accompagn\u00e9e, par un membre de la famille, le tuteur, etc&#8230;, se fait durant les heures de visite de l\u2019\u00e9tablissement, \u00e0 savoir tous les jours de 8h30 \u00e0 12h00 et de 13 h 30 \u00e0 18 h 30.<br>Tout r\u00e9sident qui s\u2019absenterait, pour quelque motif que ce soit, doit en r\u00e9f\u00e9rer \u00e0 l\u2019infirmerie.<\/p>\n\n\n\n<h3 class=\"wp-block-heading\"><img loading=\"lazy\" decoding=\"async\" class=\"alignleft size-full wp-image-175\" src=\"http:\/\/www.chs-yonne.fr\/girard-de-roussillon\/wp-content\/uploads\/sites\/2\/2014\/11\/argent.png\" alt=\"argent\" width=\"74\" height=\"116\">D\u00c9P\u00d4T D\u2019ARGENT ET DE VALEURS<\/h3>\n\n\n\n<p>Il est vivement conseill\u00e9 de ne conserver aucun objet de valeur (argent, bijoux, carnet de ch\u00e8que, livret d\u2019\u00e9pargne, etc&#8230;), aupr\u00e8s de vous, pendant votre s\u00e9jour. Chaque unit\u00e9 de vie dispose d&rsquo;un coffre. Les r\u00e9sidents peuvent y d\u00e9poser leurs objets de valeur. L&rsquo;\u00e9quipe soignante est disponible pour vous aider et vous renseigner \u00e0 ce sujet.<\/p>\n\n\n\n<figure class=\"wp-block-table\"><table class=\"has-very-light-gray-to-cyan-bluish-gray-gradient-background has-background\"><tbody><tr><td class=\"has-text-align-center\" data-align=\"center\"> <strong><span class=\"has-inline-color has-vivid-red-color\">Attention : la R\u00e9sidence ne peut \u00eatre d\u00e9clar\u00e9e responsable de la disparition ou de la d\u00e9t\u00e9rioration des valeurs que vous avez conserv\u00e9es sous votre responsabilit\u00e9.<\/span><\/strong> <\/td><\/tr><\/tbody><\/table><\/figure>\n\n\n\n<h3 class=\"wp-block-heading\"><img loading=\"lazy\" decoding=\"async\" class=\"wp-image-176 size-full alignleft\" src=\"http:\/\/www.chs-yonne.fr\/girard-de-roussillon\/wp-content\/uploads\/sites\/2\/2014\/11\/carnet-e1628856223474.png\" alt=\"\" width=\"74\" height=\"65\">CARNET DE SANT\u00c9<\/h3>\n\n\n\n<p>Pensez \u00e0 pr\u00e9senter votre carnet de sant\u00e9 au m\u00e9decin responsable de vos soins.<\/p>\n\n\n\n<div class=\"wp-block-image\"><figure class=\"alignleft\"><a href=\"http:\/\/www.chs-yonne.fr\/girard-de-roussillon\/wp-content\/uploads\/sites\/2\/2014\/11\/personne.png\" data-rel=\"lightbox-image-8\" data-rl_title=\"\" data-rl_caption=\"\" title=\"\"><img loading=\"lazy\" decoding=\"async\" width=\"74\" height=\"116\" src=\"http:\/\/www.chs-yonne.fr\/girard-de-roussillon\/wp-content\/uploads\/sites\/2\/2014\/11\/personne.png\" alt=\"personne\" class=\"wp-image-177\" \/><\/a><\/figure><\/div>\n\n\n\n<h3 class=\"wp-block-heading\">RESPECT DES PERSONNES<\/h3>\n\n\n\n<p>Observez en toutes circonstances un comportement respectueux et courtois \u00e0 l\u2019\u00e9gard des autres personnes accueillies, de leurs familles et des membres du personnel.<\/p>\n\n\n\n<p>Le fait d\u2019\u00eatre admis en structure m\u00e9dico-sociale ne d\u00e9gage aucunement de ses responsabilit\u00e9s de citoyen. Le code p\u00e9nal s\u2019applique \u00e0 l\u2019int\u00e9rieur de l\u2019\u00e9tablissement. Les faits de violence sur autrui sont susceptibles d\u2019entra\u00eener des poursuites administratives et judiciaires.<\/p>\n\n\n\n<h3 class=\"wp-block-heading\"><img loading=\"lazy\" decoding=\"async\" class=\"alignleft size-full wp-image-179\" src=\"http:\/\/www.chs-yonne.fr\/girard-de-roussillon\/wp-content\/uploads\/sites\/2\/2014\/11\/locaux1.png\" alt=\"locaux\" width=\"74\" height=\"116\">RESPECT DU MAT\u00c9RIEL ET DES LOCAUX<\/h3>\n\n\n\n<p>La R\u00e9sidence doit rester propre, tant \u00e0 l\u2019int\u00e9rieur qu\u2019\u00e0 l\u2019ext\u00e9rieur des b\u00e2timents. Chacun y contribue en maintenant propre les lieux qu\u2019il fr\u00e9quente.<br>Tout bien que vous d\u00e9t\u00e9riorerez (mobilier, mat\u00e9riel, etc&#8230;), vous sera factur\u00e9.<\/p>\n\n\n\n<h3 class=\"wp-block-heading\"><img loading=\"lazy\" decoding=\"async\" class=\"wp-image-180 size-full alignleft\" src=\"http:\/\/www.chs-yonne.fr\/girard-de-roussillon\/wp-content\/uploads\/sites\/2\/2014\/11\/main-e1628856276356.png\" alt=\"\" width=\"74\" height=\"75\">LES MESURES D\u2019HYGI\u00c8NE<\/h3>\n\n\n\n<p>Nous vous demandons, ainsi qu\u2019aux personnes vous rendant visite, de respecter les r\u00e8gles et recommandations concernant l\u2019hygi\u00e8ne en vigueur dans le service.<\/p>\n\n\n\n<h3 class=\"wp-block-heading\"><img loading=\"lazy\" decoding=\"async\" class=\"alignleft size-full wp-image-181\" src=\"http:\/\/www.chs-yonne.fr\/girard-de-roussillon\/wp-content\/uploads\/sites\/2\/2014\/11\/medoc.png\" alt=\"medoc\" width=\"74\" height=\"116\">ALCOOL ET M\u00c9DICAMENTS<\/h3>\n\n\n\n<p>L\u2019introduction et la consommation de boissons alcoolis\u00e9es et de substances toxiques dans l\u2019\u00e9tablissement sont rigoureusement interdites.<br>Lors de votre admission, vous devez remettre au personnel soignant vos traitements prescrits ant\u00e9rieurement \u00e0 votre admission, accompagn\u00e9s de l\u2019ordonnance de prescription.<\/p>\n\n\n\n<h3 class=\"wp-block-heading\"><a href=\"http:\/\/www.chs-yonne.fr\/girard-de-roussillon\/wp-content\/uploads\/sites\/2\/2014\/11\/armes.png\" data-rel=\"lightbox-image-9\" data-rl_title=\"\" data-rl_caption=\"\" title=\"\"><img loading=\"lazy\" decoding=\"async\" class=\"alignleft size-full wp-image-182\" src=\"http:\/\/www.chs-yonne.fr\/girard-de-roussillon\/wp-content\/uploads\/sites\/2\/2014\/11\/armes.png\" alt=\"armes\" width=\"74\" height=\"116\"><\/a>ARMES ET AUTRES OBJETS DANGEREUX<\/h3>\n\n\n\n<p>Les armes et autres objets dangereux sont strictement interdits dans l\u2019enceinte de l\u2019\u00e9tablissement.<br>Aucun produit ou objet dangereux ne doit \u00eatre stock\u00e9 dans les chambres (produits toxiques, couteaux, objets tranchants de type lame de rasoir, m\u00e9dicaments\u2026).<\/p>\n\n\n\n<h3 class=\"wp-block-heading\"><a href=\"http:\/\/www.chs-yonne.fr\/girard-de-roussillon\/wp-content\/uploads\/sites\/2\/2014\/11\/stationnement-e1628856335585.png\" data-rel=\"lightbox-image-10\" data-rl_title=\"\" data-rl_caption=\"\" title=\"\"><img loading=\"lazy\" decoding=\"async\" class=\"wp-image-183 size-full alignleft\" src=\"http:\/\/www.chs-yonne.fr\/girard-de-roussillon\/wp-content\/uploads\/sites\/2\/2014\/11\/stationnement-e1628856335585.png\" alt=\"\" width=\"74\" height=\"74\"><\/a>CIRCULATION ET STATIONNEMENT<\/h3>\n\n\n\n<p>Un parking gratuit est \u00e0 votre disposition \u00e0 l\u2019entr\u00e9e de la R\u00e9sidence.<br>Les personnes \u00e0 mobilit\u00e9 r\u00e9duite b\u00e9n\u00e9ficient d\u2019emplacements qui leur sont r\u00e9serv\u00e9s.<\/p>\n\n\n\n<h3 class=\"wp-block-heading\"><a href=\"http:\/\/www.chs-yonne.fr\/girard-de-roussillon\/wp-content\/uploads\/sites\/2\/2014\/11\/portable-e1628856350326.png\" data-rel=\"lightbox-image-11\" data-rl_title=\"\" data-rl_caption=\"\" title=\"\"><img loading=\"lazy\" decoding=\"async\" class=\"wp-image-184 size-full alignleft\" src=\"http:\/\/www.chs-yonne.fr\/girard-de-roussillon\/wp-content\/uploads\/sites\/2\/2014\/11\/portable-e1628856350326.png\" alt=\"\" width=\"74\" height=\"75\"><\/a>TELEPHONES PORTABLES<\/h3>\n\n\n\n<p>L\u2019utilisation du t\u00e9l\u00e9phone portable au sein de la r\u00e9sidence&nbsp;est r\u00e8glement\u00e9e. Renseignez-vous aupr\u00e8s de l\u2019\u00e9quipe soignante.<\/p>\n\n\n\n<h3 class=\"wp-block-heading\"><a href=\"http:\/\/www.chs-yonne.fr\/girard-de-roussillon\/wp-content\/uploads\/sites\/2\/2014\/11\/incendie.png\" data-rel=\"lightbox-image-12\" data-rl_title=\"\" data-rl_caption=\"\" title=\"\"><img loading=\"lazy\" decoding=\"async\" class=\"alignleft size-full wp-image-185\" src=\"http:\/\/www.chs-yonne.fr\/girard-de-roussillon\/wp-content\/uploads\/sites\/2\/2014\/11\/incendie.png\" alt=\"incendie\" width=\"74\" height=\"116\"><\/a>SECURITE INCENDIE<\/h3>\n\n\n\n<p>Pour assurer la s\u00e9curit\u00e9 de ses installations et des personnes qui s\u2019y trouvent,&nbsp;la r\u00e9sidence&nbsp;est \u00e9quip\u00e9e d\u2019un syst\u00e8me de d\u00e9tection et de protection contre les incendies. Cela implique le respect, par chacun, de l\u2019interdiction de fumer \u00e0 l&rsquo;int\u00e9rieur de la R\u00e9sidence.<br>En cas d\u2019incendie, suivez les instructions du personnel soignant ou les consignes affich\u00e9es dans l\u2019unit\u00e9 de soins.<\/p>\n\n\n\n<h3 class=\"wp-block-heading\"><a href=\"http:\/\/www.chs-yonne.fr\/girard-de-roussillon\/wp-content\/uploads\/sites\/2\/2014\/11\/animaux.png\" data-rel=\"lightbox-image-13\" data-rl_title=\"\" data-rl_caption=\"\" title=\"\"><img loading=\"lazy\" decoding=\"async\" class=\"alignleft size-full wp-image-186\" src=\"http:\/\/www.chs-yonne.fr\/girard-de-roussillon\/wp-content\/uploads\/sites\/2\/2014\/11\/animaux.png\" alt=\"animaux\" width=\"74\" height=\"116\"><\/a>ANIMAUX DOMESTIQUES<\/h3>\n\n\n\n<p>Les animaux domestiques ne peuvent \u00eatre introduits dans l\u2019enceinte de l\u2019\u00e9tablissement.<\/p>\n","protected":false},"excerpt":{"rendered":"<p>Un agr\u00e9able s\u00e9jour \u00e0 la R\u00e9sidence Girard de Roussillon LA CHAMBRE ET [&hellip;]<\/p>\n","protected":false},"author":1,"featured_media":0,"parent":0,"menu_order":0,"comment_status":"open","ping_status":"open","template":"","meta":{"footnotes":""},"class_list":["post-67","page","type-page","status-publish","hentry"],"_links":{"self":[{"href":"https:\/\/www.chs-yonne.fr\/girard-de-roussillon\/wp-json\/wp\/v2\/pages\/67","targetHints":{"allow":["GET"]}}],"collection":[{"href":"https:\/\/www.chs-yonne.fr\/girard-de-roussillon\/wp-json\/wp\/v2\/pages"}],"about":[{"href":"https:\/\/www.chs-yonne.fr\/girard-de-roussillon\/wp-json\/wp\/v2\/types\/page"}],"author":[{"embeddable":true,"href":"https:\/\/www.chs-yonne.fr\/girard-de-roussillon\/wp-json\/wp\/v2\/users\/1"}],"replies":[{"embeddable":true,"href":"https:\/\/www.chs-yonne.fr\/girard-de-roussillon\/wp-json\/wp\/v2\/comments?post=67"}],"version-history":[{"count":32,"href":"https:\/\/www.chs-yonne.fr\/girard-de-roussillon\/wp-json\/wp\/v2\/pages\/67\/revisions"}],"predecessor-version":[{"id":417,"href":"https:\/\/www.chs-yonne.fr\/girard-de-roussillon\/wp-json\/wp\/v2\/pages\/67\/revisions\/417"}],"wp:attachment":[{"href":"https:\/\/www.chs-yonne.fr\/girard-de-roussillon\/wp-json\/wp\/v2\/media?parent=67"}],"curies":[{"name":"wp","href":"https:\/\/api.w.org\/{rel}","templated":true}]}}