{"id":59,"date":"2014-11-24T14:52:31","date_gmt":"2014-11-24T13:52:31","guid":{"rendered":"http:\/\/www.chs-yonne.fr\/girard-de-roussillon\/?page_id=59"},"modified":"2021-08-12T15:51:33","modified_gmt":"2021-08-12T14:51:33","slug":"activites-therapeutiques","status":"publish","type":"page","link":"https:\/\/www.chs-yonne.fr\/girard-de-roussillon\/activites-therapeutiques\/","title":{"rendered":"Activit\u00e9s th\u00e9rapeutiques"},"content":{"rendered":"<a href=\"http:\/\/www.chs-yonne.fr\/girard-de-roussillon\/wp-content\/uploads\/sites\/2\/2014\/11\/papillon.png\" data-rel=\"lightbox-image-0\" data-rl_title=\"\" data-rl_caption=\"\" title=\"\"><img loading=\"lazy\" decoding=\"async\" class=\"alignleft size-full wp-image-158\" src=\"http:\/\/www.chs-yonne.fr\/girard-de-roussillon\/wp-content\/uploads\/sites\/2\/2014\/11\/papillon.png\" alt=\"papillon\" width=\"150\" height=\"132\" \/><\/a>\n<h3 style=\"padding-left: 30px\"><strong>Les activit\u00e9s th\u00e9rapeutiques et\/ou p\u00e9dagogiques propos\u00e9es :<\/strong><\/h3>\n<p>Les activit\u00e9s propos\u00e9es au r\u00e9sident peuvent \u00eatre individuelles ou en groupe, et ont pour objectif de r\u00e9tablir le lien social. Elles sont anim\u00e9es par le personnel de la structure (infirmiers, aides-m\u00e9dico psychologiques, aides-soignants, moniteur-\u00e9ducateur, \u00e9ducateurs sp\u00e9cialis\u00e9s) et touchent diff\u00e9rents domaines :<\/p>\n<ol>\n<li><strong>L\u2019animation et la cr\u00e9ation<\/strong> : peinture, collage, mosa\u00efque, mandala, repas et manifestations festifs (f\u00eates de l\u2019\u00e9t\u00e9, de No\u00ebl, etc&#8230;),<\/li>\n<li><strong>La socialisation<\/strong> : sorties socioculturelles, accompagnement achats, festival Handy\u2019art, rencontres inter foyers,<\/li>\n<li><strong>Les activit\u00e9s \u00e0 vis\u00e9e sportive<\/strong> : marche, piscine, gymnastique douce, sarbacane, boccia, etc&#8230;,<\/li>\n<li><strong>Les activit\u00e9s \u00ab\u00a0expression\u00a0\u00bb<\/strong> : po\u00e9sie, th\u00e9\u00e2tre, chant, danse, activit\u00e9 journal, etc&#8230;,<\/li>\n<li><strong>Les activit\u00e9s \u00ab\u00a0bien \u00eatre\u00a0\u00bb<\/strong> : bain d\u00e9tente, soins esth\u00e9tiques, coiffure, soutien individuel, etc&#8230;,<\/li>\n<li><strong>Les activit\u00e9s \u00e9ducatives et p\u00e9dagogiques<\/strong> : atelier cuisine, atelier \u00e9criture , atelier heure et monnaie, groupe de parole sur l\u2019unit\u00e9 de vie, actions de pr\u00e9vention hygi\u00e8ne, \u00e9ducation th\u00e9rapeutique (pr\u00e9paration du traitement), accompagnement dans les gestes de la vie quotidienne, etc&#8230;<\/li>\n<\/ol>\n","protected":false},"excerpt":{"rendered":"<p>Les activit\u00e9s th\u00e9rapeutiques et\/ou p\u00e9dagogiques propos\u00e9es : Les activit\u00e9s propos\u00e9es au r\u00e9sident [&hellip;]<\/p>\n","protected":false},"author":1,"featured_media":0,"parent":0,"menu_order":0,"comment_status":"open","ping_status":"open","template":"","meta":{"footnotes":""},"class_list":["post-59","page","type-page","status-publish","hentry"],"_links":{"self":[{"href":"https:\/\/www.chs-yonne.fr\/girard-de-roussillon\/wp-json\/wp\/v2\/pages\/59","targetHints":{"allow":["GET"]}}],"collection":[{"href":"https:\/\/www.chs-yonne.fr\/girard-de-roussillon\/wp-json\/wp\/v2\/pages"}],"about":[{"href":"https:\/\/www.chs-yonne.fr\/girard-de-roussillon\/wp-json\/wp\/v2\/types\/page"}],"author":[{"embeddable":true,"href":"https:\/\/www.chs-yonne.fr\/girard-de-roussillon\/wp-json\/wp\/v2\/users\/1"}],"replies":[{"embeddable":true,"href":"https:\/\/www.chs-yonne.fr\/girard-de-roussillon\/wp-json\/wp\/v2\/comments?post=59"}],"version-history":[{"count":5,"href":"https:\/\/www.chs-yonne.fr\/girard-de-roussillon\/wp-json\/wp\/v2\/pages\/59\/revisions"}],"predecessor-version":[{"id":335,"href":"https:\/\/www.chs-yonne.fr\/girard-de-roussillon\/wp-json\/wp\/v2\/pages\/59\/revisions\/335"}],"wp:attachment":[{"href":"https:\/\/www.chs-yonne.fr\/girard-de-roussillon\/wp-json\/wp\/v2\/media?parent=59"}],"curies":[{"name":"wp","href":"https:\/\/api.w.org\/{rel}","templated":true}]}}