{"id":51,"date":"2014-11-24T14:45:11","date_gmt":"2014-11-24T13:45:11","guid":{"rendered":"http:\/\/www.chs-yonne.fr\/girard-de-roussillon\/?page_id=51"},"modified":"2021-07-13T13:55:12","modified_gmt":"2021-07-13T12:55:12","slug":"situation-geographique","status":"publish","type":"page","link":"https:\/\/www.chs-yonne.fr\/girard-de-roussillon\/situation-geographique\/","title":{"rendered":"Situation g\u00e9ographique"},"content":{"rendered":"\n<p>Implant\u00e9e en milieu rural, aux <b>portes du Parc Naturel R\u00e9gional du Morvan<\/b>, <b>sur la commune de V\u00e9zelay<\/b>, la <b>R\u00e9sidence Girard de Roussillon<\/b> occupe une situation privil\u00e9gi\u00e9e au c\u0153ur de l&rsquo;un des plus beaux villages de France. Son parc, embelli de grandes all\u00e9es fleuries, constitue un cadre agr\u00e9able propice aux promenades et \u00e0 la d\u00e9tente des r\u00e9sidents.<\/p>\n\n\n\n<figure class=\"wp-block-gallery columns-2 is-cropped wp-block-gallery-1 is-layout-flex wp-block-gallery-is-layout-flex\"><ul class=\"blocks-gallery-grid\"><li class=\"blocks-gallery-item\"><figure><a href=\"http:\/\/www.chs-yonne.fr\/girard-de-roussillon\/wp-content\/uploads\/sites\/2\/2021\/07\/chsy2.png\" data-rel=\"lightbox-image-0\" data-rl_title=\"\" data-rl_caption=\"\" title=\"\"><img loading=\"lazy\" decoding=\"async\" width=\"666\" height=\"274\" src=\"http:\/\/www.chs-yonne.fr\/girard-de-roussillon\/wp-content\/uploads\/sites\/2\/2021\/07\/chsy2.png\" alt=\"\" data-id=\"279\" data-full-url=\"http:\/\/www.chs-yonne.fr\/girard-de-roussillon\/wp-content\/uploads\/sites\/2\/2021\/07\/chsy2.png\" data-link=\"http:\/\/www.chs-yonne.fr\/girard-de-roussillon\/situation-geographique\/chsy2-2\/\" class=\"wp-image-279\" srcset=\"https:\/\/www.chs-yonne.fr\/girard-de-roussillon\/wp-content\/uploads\/sites\/2\/2021\/07\/chsy2.png 666w, https:\/\/www.chs-yonne.fr\/girard-de-roussillon\/wp-content\/uploads\/sites\/2\/2021\/07\/chsy2-300x123.png 300w\" sizes=\"auto, (max-width: 666px) 100vw, 666px\" \/><\/a><\/figure><\/li><li class=\"blocks-gallery-item\"><figure><a href=\"http:\/\/www.chs-yonne.fr\/girard-de-roussillon\/wp-content\/uploads\/sites\/2\/2021\/07\/Vezelay1.png\" data-rel=\"lightbox-image-1\" data-rl_title=\"\" data-rl_caption=\"\" title=\"\"><img loading=\"lazy\" decoding=\"async\" width=\"800\" height=\"532\" src=\"http:\/\/www.chs-yonne.fr\/girard-de-roussillon\/wp-content\/uploads\/sites\/2\/2021\/07\/Vezelay1.png\" alt=\"\" data-id=\"280\" data-full-url=\"http:\/\/www.chs-yonne.fr\/girard-de-roussillon\/wp-content\/uploads\/sites\/2\/2021\/07\/Vezelay1.png\" data-link=\"http:\/\/www.chs-yonne.fr\/girard-de-roussillon\/situation-geographique\/vezelay1-3\/\" class=\"wp-image-280\" srcset=\"https:\/\/www.chs-yonne.fr\/girard-de-roussillon\/wp-content\/uploads\/sites\/2\/2021\/07\/Vezelay1.png 800w, https:\/\/www.chs-yonne.fr\/girard-de-roussillon\/wp-content\/uploads\/sites\/2\/2021\/07\/Vezelay1-300x200.png 300w, https:\/\/www.chs-yonne.fr\/girard-de-roussillon\/wp-content\/uploads\/sites\/2\/2021\/07\/Vezelay1-768x511.png 768w\" sizes=\"auto, (max-width: 800px) 100vw, 800px\" \/><\/a><\/figure><\/li><li class=\"blocks-gallery-item\"><figure><a href=\"http:\/\/www.chs-yonne.fr\/girard-de-roussillon\/wp-content\/uploads\/sites\/2\/2021\/07\/Vezelay2.png\" data-rel=\"lightbox-image-2\" data-rl_title=\"\" data-rl_caption=\"\" title=\"\"><img loading=\"lazy\" decoding=\"async\" width=\"800\" height=\"532\" src=\"http:\/\/www.chs-yonne.fr\/girard-de-roussillon\/wp-content\/uploads\/sites\/2\/2021\/07\/Vezelay2.png\" alt=\"\" data-id=\"281\" data-full-url=\"http:\/\/www.chs-yonne.fr\/girard-de-roussillon\/wp-content\/uploads\/sites\/2\/2021\/07\/Vezelay2.png\" data-link=\"http:\/\/www.chs-yonne.fr\/girard-de-roussillon\/situation-geographique\/vezelay2-2\/\" class=\"wp-image-281\" srcset=\"https:\/\/www.chs-yonne.fr\/girard-de-roussillon\/wp-content\/uploads\/sites\/2\/2021\/07\/Vezelay2.png 800w, https:\/\/www.chs-yonne.fr\/girard-de-roussillon\/wp-content\/uploads\/sites\/2\/2021\/07\/Vezelay2-300x200.png 300w, https:\/\/www.chs-yonne.fr\/girard-de-roussillon\/wp-content\/uploads\/sites\/2\/2021\/07\/Vezelay2-768x511.png 768w\" sizes=\"auto, (max-width: 800px) 100vw, 800px\" \/><\/a><\/figure><\/li><li class=\"blocks-gallery-item\"><figure><a href=\"http:\/\/www.chs-yonne.fr\/girard-de-roussillon\/wp-content\/uploads\/sites\/2\/2021\/07\/Vezelay3.png\" data-rel=\"lightbox-image-3\" data-rl_title=\"\" data-rl_caption=\"\" title=\"\"><img loading=\"lazy\" decoding=\"async\" width=\"800\" height=\"532\" src=\"http:\/\/www.chs-yonne.fr\/girard-de-roussillon\/wp-content\/uploads\/sites\/2\/2021\/07\/Vezelay3.png\" alt=\"\" data-id=\"282\" data-full-url=\"http:\/\/www.chs-yonne.fr\/girard-de-roussillon\/wp-content\/uploads\/sites\/2\/2021\/07\/Vezelay3.png\" data-link=\"http:\/\/www.chs-yonne.fr\/girard-de-roussillon\/situation-geographique\/vezelay3-2\/\" class=\"wp-image-282\" srcset=\"https:\/\/www.chs-yonne.fr\/girard-de-roussillon\/wp-content\/uploads\/sites\/2\/2021\/07\/Vezelay3.png 800w, https:\/\/www.chs-yonne.fr\/girard-de-roussillon\/wp-content\/uploads\/sites\/2\/2021\/07\/Vezelay3-300x200.png 300w, https:\/\/www.chs-yonne.fr\/girard-de-roussillon\/wp-content\/uploads\/sites\/2\/2021\/07\/Vezelay3-768x511.png 768w\" sizes=\"auto, (max-width: 800px) 100vw, 800px\" \/><\/a><\/figure><\/li><\/ul><\/figure>\n","protected":false},"excerpt":{"rendered":"<p>Implant\u00e9e en milieu rural, aux portes du Parc Naturel R\u00e9gional du Morvan, [&hellip;]<\/p>\n","protected":false},"author":1,"featured_media":0,"parent":0,"menu_order":0,"comment_status":"open","ping_status":"open","template":"","meta":{"footnotes":""},"class_list":["post-51","page","type-page","status-publish","hentry"],"_links":{"self":[{"href":"https:\/\/www.chs-yonne.fr\/girard-de-roussillon\/wp-json\/wp\/v2\/pages\/51","targetHints":{"allow":["GET"]}}],"collection":[{"href":"https:\/\/www.chs-yonne.fr\/girard-de-roussillon\/wp-json\/wp\/v2\/pages"}],"about":[{"href":"https:\/\/www.chs-yonne.fr\/girard-de-roussillon\/wp-json\/wp\/v2\/types\/page"}],"author":[{"embeddable":true,"href":"https:\/\/www.chs-yonne.fr\/girard-de-roussillon\/wp-json\/wp\/v2\/users\/1"}],"replies":[{"embeddable":true,"href":"https:\/\/www.chs-yonne.fr\/girard-de-roussillon\/wp-json\/wp\/v2\/comments?post=51"}],"version-history":[{"count":4,"href":"https:\/\/www.chs-yonne.fr\/girard-de-roussillon\/wp-json\/wp\/v2\/pages\/51\/revisions"}],"predecessor-version":[{"id":283,"href":"https:\/\/www.chs-yonne.fr\/girard-de-roussillon\/wp-json\/wp\/v2\/pages\/51\/revisions\/283"}],"wp:attachment":[{"href":"https:\/\/www.chs-yonne.fr\/girard-de-roussillon\/wp-json\/wp\/v2\/media?parent=51"}],"curies":[{"name":"wp","href":"https:\/\/api.w.org\/{rel}","templated":true}]}}