{"id":48,"date":"2014-11-24T14:41:20","date_gmt":"2014-11-24T13:41:20","guid":{"rendered":"http:\/\/www.chs-yonne.fr\/girard-de-roussillon\/?page_id=48"},"modified":"2021-12-09T12:02:54","modified_gmt":"2021-12-09T11:02:54","slug":"organisation","status":"publish","type":"page","link":"https:\/\/www.chs-yonne.fr\/girard-de-roussillon\/organisation\/","title":{"rendered":"Organisation"},"content":{"rendered":"\n<p><strong>Depuis le 1<sup>er<\/sup> juillet 2000<\/strong>, suite \u00e0 l&rsquo;arr\u00eat\u00e9 de fusion\/absorption prononc\u00e9 par le Directeur de l&rsquo;Agence R\u00e9gionale d&rsquo;Hospitalisation, l&rsquo;\u00e9tablissement est juridiquement rattach\u00e9 au Centre Hospitalier Sp\u00e9cialis\u00e9 de l&rsquo;Yonne qui le g\u00e8re en totalit\u00e9 sous un budget annexe.<\/p>\n\n\n\n<p>Il est administr\u00e9 par le <a href=\"http:\/\/www.chs-yonne.fr\/etablissement\/organisation\/\" target=\"_blank\" rel=\"noopener\"><strong>Conseil de Surveillance du CHS de l&rsquo;Yonne<\/strong><\/a> dont le Pr\u00e9sident est Monsieur Michel Ducroux, repr\u00e9sentant du Conseil D\u00e9partemental de l\u2019Yonne, Conseiller D\u00e9partemental d&rsquo;Auxerre 1, et dirig\u00e9 par le Directeur de l&rsquo;\u00e9tablissement, Monsieur Yves Buzens.<\/p>\n\n\n\n<p><\/p>\n","protected":false},"excerpt":{"rendered":"<p>Depuis le 1er juillet 2000, suite \u00e0 l&rsquo;arr\u00eat\u00e9 de fusion\/absorption prononc\u00e9 par [&hellip;]<\/p>\n","protected":false},"author":1,"featured_media":0,"parent":0,"menu_order":0,"comment_status":"open","ping_status":"open","template":"","meta":{"footnotes":""},"class_list":["post-48","page","type-page","status-publish","hentry"],"_links":{"self":[{"href":"https:\/\/www.chs-yonne.fr\/girard-de-roussillon\/wp-json\/wp\/v2\/pages\/48","targetHints":{"allow":["GET"]}}],"collection":[{"href":"https:\/\/www.chs-yonne.fr\/girard-de-roussillon\/wp-json\/wp\/v2\/pages"}],"about":[{"href":"https:\/\/www.chs-yonne.fr\/girard-de-roussillon\/wp-json\/wp\/v2\/types\/page"}],"author":[{"embeddable":true,"href":"https:\/\/www.chs-yonne.fr\/girard-de-roussillon\/wp-json\/wp\/v2\/users\/1"}],"replies":[{"embeddable":true,"href":"https:\/\/www.chs-yonne.fr\/girard-de-roussillon\/wp-json\/wp\/v2\/comments?post=48"}],"version-history":[{"count":3,"href":"https:\/\/www.chs-yonne.fr\/girard-de-roussillon\/wp-json\/wp\/v2\/pages\/48\/revisions"}],"predecessor-version":[{"id":407,"href":"https:\/\/www.chs-yonne.fr\/girard-de-roussillon\/wp-json\/wp\/v2\/pages\/48\/revisions\/407"}],"wp:attachment":[{"href":"https:\/\/www.chs-yonne.fr\/girard-de-roussillon\/wp-json\/wp\/v2\/media?parent=48"}],"curies":[{"name":"wp","href":"https:\/\/api.w.org\/{rel}","templated":true}]}}