{"id":387,"date":"2021-11-12T17:04:05","date_gmt":"2021-11-12T16:04:05","guid":{"rendered":"http:\/\/www.chs-yonne.fr\/girard-de-roussillon\/?page_id=387"},"modified":"2021-11-12T17:04:26","modified_gmt":"2021-11-12T16:04:26","slug":"mentions-legales","status":"publish","type":"page","link":"https:\/\/www.chs-yonne.fr\/girard-de-roussillon\/mentions-legales\/","title":{"rendered":"Mentions l\u00e9gales"},"content":{"rendered":"\n<h2 class=\"wp-block-heading\"><strong>Le centre hospitalier sp\u00e9cialis\u00e9 de l&rsquo;Yonne :<\/strong><\/h2>\n\n\n\n<p><em>Le pr\u00e9sent site est la propri\u00e9t\u00e9 du centre hospitalier sp\u00e9cialis\u00e9 de l&rsquo;Yonne, \u00e9tablissement public de sant\u00e9 mentale.<\/em><\/p>\n\n\n\n<p><em><strong>Si\u00e8ge social :<\/strong><\/em><\/p>\n\n\n\n<ul class=\"wp-block-list\"><li>Adresse : 4, avenue Pierre Scherrer BP 99 89 011 Auxerre<\/li><li>N\u00b0 FINESS juridique : 890000052<\/li><li>Tel : 03 86 94 38 00<\/li><li>Email : <a href=\"mailto:contact@chs-yonne.fr\" target=\"_blank\" rel=\"noreferrer noopener\">contact@chs-yonne.fr<\/a><\/li><\/ul>\n\n\n\n<p><em><strong>Directeur de publication :<\/strong> <\/em>Monsieur le directeur du CHSY<\/p>\n\n\n\n<p><em><strong>R\u00e9alisation du site<\/strong> <\/em>: Proxilog<\/p>\n\n\n\n<p><em><strong>H\u00e9bergement du site :<\/strong> <\/em>PHPNet<\/p>\n","protected":false},"excerpt":{"rendered":"<p>Le centre hospitalier sp\u00e9cialis\u00e9 de l&rsquo;Yonne : Le pr\u00e9sent site est la [&hellip;]<\/p>\n","protected":false},"author":8,"featured_media":0,"parent":0,"menu_order":19,"comment_status":"closed","ping_status":"closed","template":"","meta":{"footnotes":""},"class_list":["post-387","page","type-page","status-publish","hentry"],"_links":{"self":[{"href":"https:\/\/www.chs-yonne.fr\/girard-de-roussillon\/wp-json\/wp\/v2\/pages\/387","targetHints":{"allow":["GET"]}}],"collection":[{"href":"https:\/\/www.chs-yonne.fr\/girard-de-roussillon\/wp-json\/wp\/v2\/pages"}],"about":[{"href":"https:\/\/www.chs-yonne.fr\/girard-de-roussillon\/wp-json\/wp\/v2\/types\/page"}],"author":[{"embeddable":true,"href":"https:\/\/www.chs-yonne.fr\/girard-de-roussillon\/wp-json\/wp\/v2\/users\/8"}],"replies":[{"embeddable":true,"href":"https:\/\/www.chs-yonne.fr\/girard-de-roussillon\/wp-json\/wp\/v2\/comments?post=387"}],"version-history":[{"count":1,"href":"https:\/\/www.chs-yonne.fr\/girard-de-roussillon\/wp-json\/wp\/v2\/pages\/387\/revisions"}],"predecessor-version":[{"id":388,"href":"https:\/\/www.chs-yonne.fr\/girard-de-roussillon\/wp-json\/wp\/v2\/pages\/387\/revisions\/388"}],"wp:attachment":[{"href":"https:\/\/www.chs-yonne.fr\/girard-de-roussillon\/wp-json\/wp\/v2\/media?parent=387"}],"curies":[{"name":"wp","href":"https:\/\/api.w.org\/{rel}","templated":true}]}}