{"id":38,"date":"2014-11-24T14:32:31","date_gmt":"2014-11-24T13:32:31","guid":{"rendered":"http:\/\/www.chs-yonne.fr\/girard-de-roussillon\/?page_id=38"},"modified":"2021-12-09T12:02:00","modified_gmt":"2021-12-09T11:02:00","slug":"statuts-et-cadre-juridique","status":"publish","type":"page","link":"https:\/\/www.chs-yonne.fr\/girard-de-roussillon\/statuts-et-cadre-juridique\/","title":{"rendered":"Statuts et Cadre juridique"},"content":{"rendered":"<p><strong>Etablissement public m\u00e9dico-social, la structure rel\u00e8ve des dispositions r\u00e9glementaires suivantes :<\/strong><\/p>\n<ul>\n<li>la loi n\u00b0 75-535 du 30 janvier 1975 qui r\u00e9glemente les conditions de cr\u00e9ation, de financement des institutions sociales et m\u00e9dico-sociales, dont certaines accueillent des personnes handicap\u00e9es, ainsi que les conditions de formation et de statut des personnels de ces \u00e9tablissements,<\/li>\n<li>la loi n\u00b0 2002-02 du 2 janvier 2002 relative \u00e0 l\u2019am\u00e9lioration de l\u2019action sociale et m\u00e9dico-sociale,<\/li>\n<li>la loi ordinaire n\u00b0 2005-102 du 11 f\u00e9vrier 2005 pour l\u2019\u00e9galit\u00e9 des droits et des chances, la participation et la citoyennet\u00e9 des personnes handicap\u00e9es.<\/li>\n<\/ul>\n\n\n<p><\/p>\n","protected":false},"excerpt":{"rendered":"<p>Etablissement public m\u00e9dico-social, la structure rel\u00e8ve des dispositions r\u00e9glementaires suivantes : la [&hellip;]<\/p>\n","protected":false},"author":1,"featured_media":0,"parent":0,"menu_order":0,"comment_status":"open","ping_status":"open","template":"","meta":{"footnotes":""},"class_list":["post-38","page","type-page","status-publish","hentry"],"_links":{"self":[{"href":"https:\/\/www.chs-yonne.fr\/girard-de-roussillon\/wp-json\/wp\/v2\/pages\/38","targetHints":{"allow":["GET"]}}],"collection":[{"href":"https:\/\/www.chs-yonne.fr\/girard-de-roussillon\/wp-json\/wp\/v2\/pages"}],"about":[{"href":"https:\/\/www.chs-yonne.fr\/girard-de-roussillon\/wp-json\/wp\/v2\/types\/page"}],"author":[{"embeddable":true,"href":"https:\/\/www.chs-yonne.fr\/girard-de-roussillon\/wp-json\/wp\/v2\/users\/1"}],"replies":[{"embeddable":true,"href":"https:\/\/www.chs-yonne.fr\/girard-de-roussillon\/wp-json\/wp\/v2\/comments?post=38"}],"version-history":[{"count":4,"href":"https:\/\/www.chs-yonne.fr\/girard-de-roussillon\/wp-json\/wp\/v2\/pages\/38\/revisions"}],"predecessor-version":[{"id":406,"href":"https:\/\/www.chs-yonne.fr\/girard-de-roussillon\/wp-json\/wp\/v2\/pages\/38\/revisions\/406"}],"wp:attachment":[{"href":"https:\/\/www.chs-yonne.fr\/girard-de-roussillon\/wp-json\/wp\/v2\/media?parent=38"}],"curies":[{"name":"wp","href":"https:\/\/api.w.org\/{rel}","templated":true}]}}