{"id":34,"date":"2014-11-24T14:30:26","date_gmt":"2014-11-24T13:30:26","guid":{"rendered":"http:\/\/www.chs-yonne.fr\/girard-de-roussillon\/?page_id=34"},"modified":"2021-12-09T11:56:02","modified_gmt":"2021-12-09T10:56:02","slug":"historique","status":"publish","type":"page","link":"https:\/\/www.chs-yonne.fr\/girard-de-roussillon\/historique\/","title":{"rendered":"Historique"},"content":{"rendered":"\n<h2 class=\"wp-block-heading\">Pr\u00e9sentation g\u00e9n\u00e9rale de la R\u00e9sidence Girard de Roussillon<\/h2>\n\n\n\n<p><strong>Structure m\u00e9dico-sociale autoris\u00e9e par le Conseil G\u00e9n\u00e9ral de l&rsquo;Yonne<\/strong> et rattach\u00e9e au C.H.S de l&rsquo;Yonne depuis le 1<sup>er<\/sup> juillet 2000, la R\u00e9sidence Girard de Roussillon est agr\u00e9\u00e9e pour l&rsquo;accueil de 100 personnes adultes handicap\u00e9es souffrant de troubles psychiques chroniques qu&rsquo;elle accompagne dans les gestes de la vie quotidienne. La capacit\u00e9 d&rsquo;accueil est r\u00e9partie entre deux structures:<\/p>\n\n\n\n<ul class=\"wp-block-list\"><li>Un Foyer d&rsquo;Accueil M\u00e9dicalis\u00e9 ( F.A.M. ) de 40 places<\/li><li>Un Foyer d&rsquo;Accueil Occupationnel ( F.A.O. ) de 60 places<\/li><\/ul>\n\n\n\n<p><strong>L&rsquo;\u00e9tablissement a ouvert ses portes en 1978<\/strong> sur les terres de l&rsquo;ancien hospice de la commune de V\u00e9zelay et dispose, de part sa <a href=\"http:\/\/www.chs-yonne.fr\/girard-de-roussillon\/situation-geographique\/\" target=\"_blank\" rel=\"noopener\">situation g\u00e9ographique<\/a>, d&rsquo;un cadre exceptionnel.<\/p>\n\n\n\n<h2 class=\"wp-block-heading\">Historique<\/h2>\n\n\n\n<p>L&rsquo;histoire de la R\u00e9sidence s&rsquo;est progressivement construite, en s\u2019appuyant sur des principes d\u2019assistanat, puis de solidarit\u00e9 et d\u2019int\u00e9gration sociale.<\/p>\n\n\n\n<p><strong>Au XII\u00e8me si\u00e8cle<\/strong>, la France conna\u00eet de grandes \u00e9pid\u00e9mies. Gr\u00e2ce \u00e0 la prodigalit\u00e9 de Girard Comte de Roussillon, un prieur\u00e9 pour l\u00e9preux est construit \u00e0 5 kilom\u00e8tres du village de V\u00e9zelay. Il devient une maladrerie.<\/p>\n\n\n\n<p><strong>Au XVII\u00e8me si\u00e8cle<\/strong>, la maladrerie ferme ses portes, tandis qu&rsquo;un asile destin\u00e9 \u00e0 accueillir les personnes \u00e2g\u00e9es, orphelins, mendiants et malades mentaux est fond\u00e9 dans la cit\u00e9.<\/p>\n\n\n\n<p><strong>Apr\u00e8s 1975<\/strong>, les conditions de vie des pensionnaires sont jug\u00e9es insatisfaisantes, humainement et l\u00e9galement. La loi d\u2019orientation du 30 juin 1975, en faveur des personnes handicap\u00e9es, d\u00e9cide le Conseil d\u2019Administration de l&rsquo;asile \u00e0 cr\u00e9er, en 1976, sur les terres de l\u2019\u00e9tablissement, au lieu-dit \u00ab La Maladrerie \u00bb, une annexe \u00e0 la maison de retraite de V\u00e9zelay pour y recevoir des adultes handicap\u00e9s. <strong>Ouvert en 1978<\/strong>, Le foyer d\u2019h\u00e9bergement devient autonome, par arr\u00eat\u00e9 pr\u00e9fectoral de l\u2019Yonne du 1<sup>er<\/sup> janvier 1987.<\/p>\n\n\n\n<p><strong>Depuis le 1<sup>er<\/sup> juillet 2000<\/strong>, l&rsquo;\u00e9tablissement est rattach\u00e9 au Centre Hospitalier Sp\u00e9cialis\u00e9 de l&rsquo;Yonne, qui a confirm\u00e9 son intention de poursuivre l&rsquo;\u0153uvre de restructuration par des constructions nouvelles r\u00e9pondant \u00e0 des exigences d&rsquo;h\u00f4tellerie adapt\u00e9e et de soins m\u00e9dicalis\u00e9s.<\/p>\n\n\n\n<p><strong>En 2006<\/strong>, le 30 juin, le foyer prend le nom de R\u00e9sidence Girard de Roussillon.<\/p>\n","protected":false},"excerpt":{"rendered":"<p>Pr\u00e9sentation g\u00e9n\u00e9rale de la R\u00e9sidence Girard de Roussillon Structure m\u00e9dico-sociale autoris\u00e9e par [&hellip;]<\/p>\n","protected":false},"author":1,"featured_media":0,"parent":0,"menu_order":0,"comment_status":"open","ping_status":"open","template":"","meta":{"footnotes":""},"class_list":["post-34","page","type-page","status-publish","hentry"],"_links":{"self":[{"href":"https:\/\/www.chs-yonne.fr\/girard-de-roussillon\/wp-json\/wp\/v2\/pages\/34","targetHints":{"allow":["GET"]}}],"collection":[{"href":"https:\/\/www.chs-yonne.fr\/girard-de-roussillon\/wp-json\/wp\/v2\/pages"}],"about":[{"href":"https:\/\/www.chs-yonne.fr\/girard-de-roussillon\/wp-json\/wp\/v2\/types\/page"}],"author":[{"embeddable":true,"href":"https:\/\/www.chs-yonne.fr\/girard-de-roussillon\/wp-json\/wp\/v2\/users\/1"}],"replies":[{"embeddable":true,"href":"https:\/\/www.chs-yonne.fr\/girard-de-roussillon\/wp-json\/wp\/v2\/comments?post=34"}],"version-history":[{"count":9,"href":"https:\/\/www.chs-yonne.fr\/girard-de-roussillon\/wp-json\/wp\/v2\/pages\/34\/revisions"}],"predecessor-version":[{"id":404,"href":"https:\/\/www.chs-yonne.fr\/girard-de-roussillon\/wp-json\/wp\/v2\/pages\/34\/revisions\/404"}],"wp:attachment":[{"href":"https:\/\/www.chs-yonne.fr\/girard-de-roussillon\/wp-json\/wp\/v2\/media?parent=34"}],"curies":[{"name":"wp","href":"https:\/\/api.w.org\/{rel}","templated":true}]}}