{"id":2,"date":"2014-11-20T17:19:45","date_gmt":"2014-11-20T16:19:45","guid":{"rendered":"http:\/\/www.chs-yonne.fr\/girard-du-roussillon\/?page_id=2"},"modified":"2021-11-30T16:06:18","modified_gmt":"2021-11-30T15:06:18","slug":"accueil","status":"publish","type":"page","link":"https:\/\/www.chs-yonne.fr\/girard-de-roussillon\/","title":{"rendered":"Accueil"},"content":{"rendered":"<h2>Bienvenue \u00e0 la R\u00e9sidence !<\/h2>\n<p>R\u00e9sidents, demandeurs de soins, familles ou proches d\u2019usagers, professionnels de sant\u00e9, partenaires associ\u00e9s au d\u00e9veloppement de notre \u00e9tablissement, ou internautes soucieux de mieux conna\u00eetre et comprendre le fonctionnement de notre structure m\u00e9dico-sociale, les acteurs qui l\u2019animent et les r\u00e8gles qui la r\u00e9gissent, nous sommes heureux de mettre \u00e0 votre disposition ce site Internet qui a \u00e9t\u00e9 sp\u00e9cialement con\u00e7u pour r\u00e9pondre au mieux \u00e0 vos pr\u00e9occupations. [&#8230;] <a href=\"http:\/\/www.chs-yonne.fr\/girard-de-roussillon\/bienvenue\/\">&gt; Lire la suite &gt;<\/a><\/p>\n","protected":false},"excerpt":{"rendered":"<p>Bienvenue \u00e0 la R\u00e9sidence ! R\u00e9sidents, demandeurs de soins, familles ou proches [&hellip;]<\/p>\n","protected":false},"author":2,"featured_media":0,"parent":0,"menu_order":0,"comment_status":"open","ping_status":"closed","template":"","meta":{"footnotes":""},"class_list":["post-2","page","type-page","status-publish","hentry"],"_links":{"self":[{"href":"https:\/\/www.chs-yonne.fr\/girard-de-roussillon\/wp-json\/wp\/v2\/pages\/2","targetHints":{"allow":["GET"]}}],"collection":[{"href":"https:\/\/www.chs-yonne.fr\/girard-de-roussillon\/wp-json\/wp\/v2\/pages"}],"about":[{"href":"https:\/\/www.chs-yonne.fr\/girard-de-roussillon\/wp-json\/wp\/v2\/types\/page"}],"author":[{"embeddable":true,"href":"https:\/\/www.chs-yonne.fr\/girard-de-roussillon\/wp-json\/wp\/v2\/users\/2"}],"replies":[{"embeddable":true,"href":"https:\/\/www.chs-yonne.fr\/girard-de-roussillon\/wp-json\/wp\/v2\/comments?post=2"}],"version-history":[{"count":14,"href":"https:\/\/www.chs-yonne.fr\/girard-de-roussillon\/wp-json\/wp\/v2\/pages\/2\/revisions"}],"predecessor-version":[{"id":402,"href":"https:\/\/www.chs-yonne.fr\/girard-de-roussillon\/wp-json\/wp\/v2\/pages\/2\/revisions\/402"}],"wp:attachment":[{"href":"https:\/\/www.chs-yonne.fr\/girard-de-roussillon\/wp-json\/wp\/v2\/media?parent=2"}],"curies":[{"name":"wp","href":"https:\/\/api.w.org\/{rel}","templated":true}]}}