{"id":30,"date":"2014-11-24T15:12:08","date_gmt":"2014-11-24T14:12:08","guid":{"rendered":"\/clos-de-la-chainette\/?page_id=30"},"modified":"2021-11-25T13:39:31","modified_gmt":"2021-11-25T12:39:31","slug":"le-vignoble","status":"publish","type":"page","link":"https:\/\/www.chs-yonne.fr\/clos-de-la-chainette\/le-domaine\/le-vignoble\/","title":{"rendered":"Le vignoble"},"content":{"rendered":"<a href=\"\/clos-de-la-chainette\/wp-content\/uploads\/sites\/3\/2014\/11\/situation1.png\" data-rel=\"lightbox-image-0\" data-rl_title=\"\" data-rl_caption=\"\" title=\"\"><img loading=\"lazy\" decoding=\"async\" class=\"alignleft wp-image-66 size-medium\" src=\"\/clos-de-la-chainette\/wp-content\/uploads\/sites\/3\/2014\/11\/situation1-300x199.png\" alt=\"situation1\" width=\"300\" height=\"199\" srcset=\"https:\/\/www.chs-yonne.fr\/clos-de-la-chainette\/wp-content\/uploads\/sites\/3\/2014\/11\/situation1-300x199.png 300w, https:\/\/www.chs-yonne.fr\/clos-de-la-chainette\/wp-content\/uploads\/sites\/3\/2014\/11\/situation1.png 800w\" sizes=\"auto, (max-width: 300px) 100vw, 300px\" \/><\/a>\n<p><strong>Les vignes du Clos de la Cha\u00eenette, v\u00e9ritable tr\u00e9sor historique,<\/strong> s\u2019\u00e9tendent aujourd\u2019hui sur<strong> 4.20 hectares.<\/strong><\/p>\n<p>Cette <strong>superficie<\/strong> a pu \u00eatre <strong>fluctuante par le pass\u00e9<\/strong> : disparition des vignes figurant sur d\u2019anciens plans et situ\u00e9es au nord et \u00e0 l\u2019est de la parcelle actuelle. Par ailleurs, une partie du clos \u00e9tait occup\u00e9e par des cultures mara\u00eech\u00e8res, dans le fond du vallon. Celles-ci ont d\u00e9finitivement disparue, en 1988, au profit d\u2019une <strong>extension des vignes, apr\u00e8s validation de l\u2019Institut National des Appellations d\u2019Origine Contr\u00f4l\u00e9e.<\/strong><\/p>\n<p><strong>La parcelle est divis\u00e9e en quatre parties principales<\/strong>, s\u00e9par\u00e9es par des chemins d\u2019exploitation : un chemin p\u00e9riph\u00e9rique, deux chemins parall\u00e8les <img loading=\"lazy\" decoding=\"async\" class=\"alignright wp-image-84 size-medium\" src=\"\/clos-de-la-chainette\/wp-content\/uploads\/sites\/3\/2014\/11\/vignoble1-300x225.png\" alt=\"vignoble1\" width=\"300\" height=\"225\" srcset=\"https:\/\/www.chs-yonne.fr\/clos-de-la-chainette\/wp-content\/uploads\/sites\/3\/2014\/11\/vignoble1-300x225.png 300w, https:\/\/www.chs-yonne.fr\/clos-de-la-chainette\/wp-content\/uploads\/sites\/3\/2014\/11\/vignoble1.png 800w\" sizes=\"auto, (max-width: 300px) 100vw, 300px\" \/>\u00e0 la pente sur le versant nord-ouest et un chemin suivant l\u2019axe du fond de talweg.<\/p>\n<p><strong>Le vignoble, class\u00e9 depuis 1947 en AOC Bourgogne, pr\u00e9sente l\u2019enc\u00e9pagement suivant :<\/strong><\/p>\n<p>Chardonnay : 3,15 hectares<\/p>\n<p>Pinot noir : 1,05 hectares<\/p>\n","protected":false},"excerpt":{"rendered":"<p>Les vignes du Clos de la Cha\u00eenette, v\u00e9ritable tr\u00e9sor historique, s\u2019\u00e9tendent aujourd\u2019hui [&hellip;]<\/p>\n","protected":false},"author":1,"featured_media":0,"parent":441,"menu_order":4,"comment_status":"open","ping_status":"closed","template":"","meta":{"footnotes":""},"class_list":["post-30","page","type-page","status-publish","hentry"],"_links":{"self":[{"href":"https:\/\/www.chs-yonne.fr\/clos-de-la-chainette\/wp-json\/wp\/v2\/pages\/30","targetHints":{"allow":["GET"]}}],"collection":[{"href":"https:\/\/www.chs-yonne.fr\/clos-de-la-chainette\/wp-json\/wp\/v2\/pages"}],"about":[{"href":"https:\/\/www.chs-yonne.fr\/clos-de-la-chainette\/wp-json\/wp\/v2\/types\/page"}],"author":[{"embeddable":true,"href":"https:\/\/www.chs-yonne.fr\/clos-de-la-chainette\/wp-json\/wp\/v2\/users\/1"}],"replies":[{"embeddable":true,"href":"https:\/\/www.chs-yonne.fr\/clos-de-la-chainette\/wp-json\/wp\/v2\/comments?post=30"}],"version-history":[{"count":7,"href":"https:\/\/www.chs-yonne.fr\/clos-de-la-chainette\/wp-json\/wp\/v2\/pages\/30\/revisions"}],"predecessor-version":[{"id":246,"href":"https:\/\/www.chs-yonne.fr\/clos-de-la-chainette\/wp-json\/wp\/v2\/pages\/30\/revisions\/246"}],"up":[{"embeddable":true,"href":"https:\/\/www.chs-yonne.fr\/clos-de-la-chainette\/wp-json\/wp\/v2\/pages\/441"}],"wp:attachment":[{"href":"https:\/\/www.chs-yonne.fr\/clos-de-la-chainette\/wp-json\/wp\/v2\/media?parent=30"}],"curies":[{"name":"wp","href":"https:\/\/api.w.org\/{rel}","templated":true}]}}