{"id":28,"date":"2014-11-24T15:10:57","date_gmt":"2014-11-24T14:10:57","guid":{"rendered":"\/clos-de-la-chainette\/?page_id=28"},"modified":"2021-11-25T13:39:09","modified_gmt":"2021-11-25T12:39:09","slug":"topographie-du-terrain","status":"publish","type":"page","link":"https:\/\/www.chs-yonne.fr\/clos-de-la-chainette\/le-domaine\/topographie-du-terrain\/","title":{"rendered":"Topographie du terrain"},"content":{"rendered":"<p>Le terrain forme <strong>un large vallonnement avec des versants en pente douce encadrant un talweg peu encaiss\u00e9,<\/strong> orient\u00e9 sud-ouest\/nord-est. Cet axe \u00e9tait drain\u00e9 autrefois par le <strong>\u00ab Ru de la Cha\u00eenette \u00bb<\/strong>, <strong>un ruisseau intermittent s\u2019\u00e9coulant vers l\u2019Yonne et susceptible d\u2019inonder la partie basse lors d\u2019orages violents. Depuis 1989, des travaux de busage<\/strong> permettent d\u00e9sormais \u00e0 ce <strong>ru de s\u2019\u00e9couler de mani\u00e8re souterraine.<\/strong><\/p>\n<p>Les <strong>altitudes<\/strong> s\u2019\u00e9chelonnent entre 120 m\u00e8tres, au rond point de la Porte de Paris, et 110 m\u00e8tres \u00e0 l\u2019extr\u00e9mit\u00e9 nord-est, pr\u00e8s de la rue Girard de Cailleux. Le <strong>versant principal<\/strong>, adoss\u00e9 aux b\u00e2timents historiques de l\u2019\u00e9tablissement hospitalier, pr\u00e9sente des expositions est, sud-est et sud, avec une pente l\u00e9g\u00e8rement plus accentu\u00e9e que celle du versant oppos\u00e9.<\/p>\n<p>&nbsp;<\/p>\n<div id=\"attachment_153\" style=\"width: 310px\" class=\"wp-caption alignleft\"><a href=\"\/clos-de-la-chainette\/wp-content\/uploads\/sites\/3\/2014\/11\/topographie11.png\" data-rel=\"lightbox-image-0\" data-rl_title=\"\" data-rl_caption=\"\" title=\"\"><img loading=\"lazy\" decoding=\"async\" aria-describedby=\"caption-attachment-153\" class=\"size-medium wp-image-153\" src=\"\/clos-de-la-chainette\/wp-content\/uploads\/sites\/3\/2014\/11\/topographie11-300x225.png\" alt=\"Le Clos de la Cha\u00eenette, topographie\" width=\"300\" height=\"225\" srcset=\"https:\/\/www.chs-yonne.fr\/clos-de-la-chainette\/wp-content\/uploads\/sites\/3\/2014\/11\/topographie11-300x225.png 300w, https:\/\/www.chs-yonne.fr\/clos-de-la-chainette\/wp-content\/uploads\/sites\/3\/2014\/11\/topographie11.png 800w\" sizes=\"auto, (max-width: 300px) 100vw, 300px\" \/><\/a><p id=\"caption-attachment-153\" class=\"wp-caption-text\">Le Clos de la Cha\u00eenette, topographie<\/p><\/div>\n<div id=\"attachment_151\" style=\"width: 310px\" class=\"wp-caption alignleft\"><a href=\"\/clos-de-la-chainette\/wp-content\/uploads\/sites\/3\/2014\/11\/topographie21.png\" data-rel=\"lightbox-image-1\" data-rl_title=\"\" data-rl_caption=\"\" title=\"\"><img loading=\"lazy\" decoding=\"async\" aria-describedby=\"caption-attachment-151\" class=\"size-medium wp-image-151\" src=\"\/clos-de-la-chainette\/wp-content\/uploads\/sites\/3\/2014\/11\/topographie21-300x225.png\" alt=\"Le Clos de la Cha\u00eenette\" width=\"300\" height=\"225\" srcset=\"https:\/\/www.chs-yonne.fr\/clos-de-la-chainette\/wp-content\/uploads\/sites\/3\/2014\/11\/topographie21-300x225.png 300w, https:\/\/www.chs-yonne.fr\/clos-de-la-chainette\/wp-content\/uploads\/sites\/3\/2014\/11\/topographie21.png 800w\" sizes=\"auto, (max-width: 300px) 100vw, 300px\" \/><\/a><p id=\"caption-attachment-151\" class=\"wp-caption-text\">Le Clos de la Cha\u00eenette<\/p><\/div>\n<p>&nbsp;<\/p>\n<p>&nbsp;<\/p>\n","protected":false},"excerpt":{"rendered":"<p>Le terrain forme un large vallonnement avec des versants en pente douce [&hellip;]<\/p>\n","protected":false},"author":1,"featured_media":0,"parent":441,"menu_order":3,"comment_status":"open","ping_status":"closed","template":"","meta":{"footnotes":""},"class_list":["post-28","page","type-page","status-publish","hentry"],"_links":{"self":[{"href":"https:\/\/www.chs-yonne.fr\/clos-de-la-chainette\/wp-json\/wp\/v2\/pages\/28","targetHints":{"allow":["GET"]}}],"collection":[{"href":"https:\/\/www.chs-yonne.fr\/clos-de-la-chainette\/wp-json\/wp\/v2\/pages"}],"about":[{"href":"https:\/\/www.chs-yonne.fr\/clos-de-la-chainette\/wp-json\/wp\/v2\/types\/page"}],"author":[{"embeddable":true,"href":"https:\/\/www.chs-yonne.fr\/clos-de-la-chainette\/wp-json\/wp\/v2\/users\/1"}],"replies":[{"embeddable":true,"href":"https:\/\/www.chs-yonne.fr\/clos-de-la-chainette\/wp-json\/wp\/v2\/comments?post=28"}],"version-history":[{"count":8,"href":"https:\/\/www.chs-yonne.fr\/clos-de-la-chainette\/wp-json\/wp\/v2\/pages\/28\/revisions"}],"predecessor-version":[{"id":154,"href":"https:\/\/www.chs-yonne.fr\/clos-de-la-chainette\/wp-json\/wp\/v2\/pages\/28\/revisions\/154"}],"up":[{"embeddable":true,"href":"https:\/\/www.chs-yonne.fr\/clos-de-la-chainette\/wp-json\/wp\/v2\/pages\/441"}],"wp:attachment":[{"href":"https:\/\/www.chs-yonne.fr\/clos-de-la-chainette\/wp-json\/wp\/v2\/media?parent=28"}],"curies":[{"name":"wp","href":"https:\/\/api.w.org\/{rel}","templated":true}]}}