{"id":23,"date":"2014-11-24T15:04:49","date_gmt":"2014-11-24T14:04:49","guid":{"rendered":"\/clos-de-la-chainette\/?page_id=23"},"modified":"2021-12-09T12:55:15","modified_gmt":"2021-12-09T11:55:15","slug":"situation-du-clos","status":"publish","type":"page","link":"https:\/\/www.chs-yonne.fr\/clos-de-la-chainette\/le-domaine\/situation-du-clos\/","title":{"rendered":"Situation du Clos de la Chainette"},"content":{"rendered":"<h2>Un environnement urbain :<\/h2>\n<p><strong>Le domaine du Clos de la Cha\u00eenette est inclus dans l\u2019ensemble immobilier du Centre Hospitalier Sp\u00e9cialis\u00e9 de l\u2019Yonne<\/strong>, implant\u00e9 au nord de la cit\u00e9 d\u2019Auxerre, en bordure de l\u2019avenue Charles de Gaulle, en position de haut de versant sur la rive gauche de la vall\u00e9e de l\u2019 Yonne.<\/p>\n<p>Le C.H.S de l\u2019Yonne, qui fait face \u00e0 la vieille ville, est entour\u00e9 par des quartiers r\u00e9cents, issus d\u2019une urbanisation d\u00e9velopp\u00e9e apr\u00e8s 1950.<\/p>\n<p><strong>Le Clos de la Cha\u00eenette, <\/strong>qui s\u2019individualise sur un versant au sud des b\u00e2timents haussmanniens de l\u2019ancien \u00e9tablissement hospitalier, forme aujourd\u2019hui un vignoble urbain isol\u00e9 entre la vieille ville d\u2019Auxerre et les nouveaux quartiers au nord. Le boulevard \u00e9ponyme, qui longe le Clos dans sa partie sud, suit le trac\u00e9 des anciens remparts et mat\u00e9rialise ce contact en vis-\u00e0-vis avec les quartiers anciens du secteur sauvegard\u00e9 et l\u2019abbaye Saint-Germain.<\/p>\n\n\n<p><\/p>\n","protected":false},"excerpt":{"rendered":"<p>Un environnement urbain : Le domaine du Clos de la Cha\u00eenette est [&hellip;]<\/p>\n","protected":false},"author":1,"featured_media":0,"parent":441,"menu_order":2,"comment_status":"open","ping_status":"closed","template":"","meta":{"footnotes":""},"class_list":["post-23","page","type-page","status-publish","hentry"],"_links":{"self":[{"href":"https:\/\/www.chs-yonne.fr\/clos-de-la-chainette\/wp-json\/wp\/v2\/pages\/23","targetHints":{"allow":["GET"]}}],"collection":[{"href":"https:\/\/www.chs-yonne.fr\/clos-de-la-chainette\/wp-json\/wp\/v2\/pages"}],"about":[{"href":"https:\/\/www.chs-yonne.fr\/clos-de-la-chainette\/wp-json\/wp\/v2\/types\/page"}],"author":[{"embeddable":true,"href":"https:\/\/www.chs-yonne.fr\/clos-de-la-chainette\/wp-json\/wp\/v2\/users\/1"}],"replies":[{"embeddable":true,"href":"https:\/\/www.chs-yonne.fr\/clos-de-la-chainette\/wp-json\/wp\/v2\/comments?post=23"}],"version-history":[{"count":5,"href":"https:\/\/www.chs-yonne.fr\/clos-de-la-chainette\/wp-json\/wp\/v2\/pages\/23\/revisions"}],"predecessor-version":[{"id":479,"href":"https:\/\/www.chs-yonne.fr\/clos-de-la-chainette\/wp-json\/wp\/v2\/pages\/23\/revisions\/479"}],"up":[{"embeddable":true,"href":"https:\/\/www.chs-yonne.fr\/clos-de-la-chainette\/wp-json\/wp\/v2\/pages\/441"}],"wp:attachment":[{"href":"https:\/\/www.chs-yonne.fr\/clos-de-la-chainette\/wp-json\/wp\/v2\/media?parent=23"}],"curies":[{"name":"wp","href":"https:\/\/api.w.org\/{rel}","templated":true}]}}