{"id":21,"date":"2014-11-24T15:03:43","date_gmt":"2014-11-24T14:03:43","guid":{"rendered":"\/clos-de-la-chainette\/?page_id=21"},"modified":"2021-11-25T13:38:26","modified_gmt":"2021-11-25T12:38:26","slug":"historique","status":"publish","type":"page","link":"https:\/\/www.chs-yonne.fr\/clos-de-la-chainette\/le-domaine\/historique\/","title":{"rendered":"Historique"},"content":{"rendered":"<p>Compos\u00e9 \u00e0 <strong>75 % de chardonnay<\/strong>, et \u00e0<strong> 25 % de pinot noir<\/strong>, le vignoble du Clos de la Cha\u00eenette perp\u00e9tue <strong>une tradition historique tr\u00e8s ancienne<\/strong>, puisque l&rsquo;<strong>existence du Clos est attest\u00e9e d\u00e8s le VII\u00e8me si\u00e8cle dans le testament de l\u2019Ev\u00eaque Saint Vigile<\/strong> <strong>(658-683)<\/strong>, conserv\u00e9 aux Archives D\u00e9partementales de l\u2019Yonne \u00e0 Auxerre.<\/p>\n<h3><a href=\"\/clos-de-la-chainette\/wp-content\/uploads\/sites\/3\/2014\/11\/logo_clos_2012.png\" data-rel=\"lightbox-image-0\" data-rl_title=\"\" data-rl_caption=\"\" title=\"\"><img loading=\"lazy\" decoding=\"async\" class=\"alignleft wp-image-58\" src=\"\/clos-de-la-chainette\/wp-content\/uploads\/sites\/3\/2014\/11\/logo_clos_2012-150x97.png\" alt=\"logo_clos_2012\" width=\"60\" height=\"33\" \/><\/a><strong>Le Clos de la Cha\u00eenette, un patrimoine auxerrois unique et des bourgognes tr\u00e8s demand\u00e9s :<\/strong><\/h3>\n<p><strong>Peu de renomm\u00e9es viticoles, en France, sont aussi anciennement attest\u00e9es que celles d\u2019Auxerre.<\/strong><\/p>\n<p><strong>D\u00e8s le XII\u00e8me si\u00e8cle<\/strong>, en un temps o\u00f9 les textes concernant le commerce d\u2019exportation des vins font encore le silence sur Beaune et sur Bordeaux,<strong> les clercs usent d\u2019adjectifs emphatiques pour qualifier les vins d\u2019Auxerre<\/strong>. Le Roi Jean sans Terre s\u2019en fait d\u2019ailleurs remettre un tonneau en 1203, en reconnaissance de l\u2019apposition de son sceau royal sur un acte confirmant un accord intervenu entre le Comte de Leicester et l\u2019Ev\u00eaque de Lincoln.<\/p>\n<p>D\u2019apr\u00e8s les \u00e9tudes de l\u2019<strong>Abb\u00e9 Lebeuf, l&rsquo;engouement est tel que l&rsquo;on f\u00fbt oblig\u00e9, d\u00e8s la seconde moiti\u00e9 du XII\u00e8me si\u00e8cle, \u00ab d\u2019augmenter consid\u00e9rablement le nombre des pressoirs \u00bb.<\/strong><\/p>\n<p>D\u00e9nomm\u00e9 <strong>\u00ab\u00a0La Grande C\u00f4te\u00a0\u00bb<\/strong>, le clos fut <strong>vendu<\/strong>,<strong> \u00e0 la R\u00e9volution Fran\u00e7aise, comme bien national, et achet\u00e9 par plusieurs familles bourgeoises<\/strong> relativement ais\u00e9es de la Ville d&rsquo;Auxerre, sans que la qualit\u00e9 des vins n&rsquo;ait \u00e0 en souffrir. Bien au contraire, dans \u00ab La topographie de tous les vignobles connus, 1817 \u00bb, <strong>M. Julien classe le vin de la Cha\u00eenette au rang des vins de Vosnes, Nuits, Chambole, Volnay et Pommard<\/strong>\u2026 De m\u00eame, M<strong>. Cavaleau<\/strong>, dans son \u00ab Oenologie Fran\u00e7aise, Paris, 1827 \u00bb,<strong> classe le Cha\u00eenette en t\u00eate des vins d&rsquo;Auxerre ; et Alexandre Dumas le fait figurer parmi les grands vins rouges fran\u00e7ais aux c\u00f4t\u00e9s des Clos Vougeot, Ch\u00e2teau Margaux, Ch\u00e2teau Lafitte et autres&#8230;<\/strong><\/p>\n<h3><strong><a href=\"\/clos-de-la-chainette\/wp-content\/uploads\/sites\/3\/2014\/11\/logo_clos_2012.png\" data-rel=\"lightbox-image-0\" data-rl_title=\"\" data-rl_caption=\"\" title=\"\"><img loading=\"lazy\" decoding=\"async\" class=\"alignleft wp-image-58\" src=\"\/clos-de-la-chainette\/wp-content\/uploads\/sites\/3\/2014\/11\/logo_clos_2012-150x97.png\" alt=\"logo_clos_2012\" width=\"60\" height=\"33\" \/><\/a>Le Clos de la Cha\u00eenette &amp; le Centre Hospitalier Sp\u00e9cialis\u00e9 de l&rsquo;Yonne :\u00a0une acquisition \u00e0 des fins th\u00e9rapeutiques<\/strong><\/h3>\n<p>Une grave <strong>crise du phyllox\u00e9ra<\/strong>, venue des Etats-Unis vers 1863, ravage l&rsquo;ensemble des vignobles europ\u00e9ens et n&rsquo;\u00e9pargne pas non plus le Clos de la Cha\u00eenette. Ses propri\u00e9taires bourgeois, d\u00e9courag\u00e9s, se d\u00e9cident alors \u00e0 le mettre en vente. C&rsquo;est l<strong>&lsquo;asile d\u00e9partemental qui, vers 1890, se porte acqu\u00e9reur de la surface afin d&rsquo;y faire travailler ses pensionnaires issus pour la plupart du monde rural ; le travail de la terre relevant alors d&rsquo;une \u00e9vidence th\u00e9rapeutique<\/strong>. Les patients ont d&rsquo;abord transform\u00e9 le vignoble en potager, puis, quand le phyllox\u00e9ra fut ma\u00eetris\u00e9, ils ont commenc\u00e9 \u00e0 replanter les vignes. S&rsquo;en est ensuivi un patient et m\u00e9ticuleux travail viticole pour r\u00e9g\u00e9n\u00e9rer les vignes, notamment par l&rsquo;utilisation de porte-greffes issus de plants am\u00e9ricains naturellement r\u00e9sistants.<\/p>\n<p><strong>Entre 1900 et 1915, le vignoble retrouve sa place originelle. Les patients ont travaill\u00e9 les vignes jusqu&rsquo;au milieu des ann\u00e9es 1970.<\/strong><\/p>\n<h3><a href=\"\/clos-de-la-chainette\/wp-content\/uploads\/sites\/3\/2014\/11\/logo_clos_2012.png\" data-rel=\"lightbox-image-0\" data-rl_title=\"\" data-rl_caption=\"\" title=\"\"><img loading=\"lazy\" decoding=\"async\" class=\"alignleft wp-image-58\" src=\"\/clos-de-la-chainette\/wp-content\/uploads\/sites\/3\/2014\/11\/logo_clos_2012-150x97.png\" alt=\"logo_clos_2012\" width=\"60\" height=\"33\" \/><\/a><strong>Un Domaine viticole, class\u00e9 en AOC Bourgogne :<\/strong><\/h3>\n<p>C&rsquo;est en <strong>1947 que le Clos de la Cha\u00eenette obtient son classement en appellation d&rsquo;origine contr\u00f4l\u00e9e par l&rsquo; I.N.A.O.<\/strong>, soit cinq ans apr\u00e8s que <strong>E.-J. Mollaret<\/strong>, expert au Minist\u00e8re de l\u2019Agriculture et Pr\u00e9sident du Syndicat du Commerce des Vins et Spiritueux de l\u2019Yonne, <strong>a fait un rapport pour proposer le classement en AOC.<\/strong><\/p>\n<p>\u00ab La force de notre chardonnay, c&rsquo;est sa min\u00e9ralit\u00e9, assez proche de celle d&rsquo;un chablis g\u00e9n\u00e9rique. Nous partageons ce c\u00f4t\u00e9 iod\u00e9. Le rouge, un peu plus confidentiel, est tout en fruits, en \u00e9pices. \u00bb, explique Thierry Milli\u00e8re, Ing\u00e9nieur responsable des espaces verts et du vignoble au CHS de l&rsquo;Yonne.<\/p>\n<a href=\"\/clos-de-la-chainette\/wp-content\/uploads\/sites\/3\/2014\/11\/Plan11.png\" data-rel=\"lightbox-image-3\" data-rl_title=\"\" data-rl_caption=\"\" title=\"\"><img loading=\"lazy\" decoding=\"async\" class=\"alignleft wp-image-60\" src=\"\/clos-de-la-chainette\/wp-content\/uploads\/sites\/3\/2014\/11\/Plan11-300x262.png\" alt=\"Plan1\" width=\"230\" height=\"201\" srcset=\"https:\/\/www.chs-yonne.fr\/clos-de-la-chainette\/wp-content\/uploads\/sites\/3\/2014\/11\/Plan11-300x262.png 300w, https:\/\/www.chs-yonne.fr\/clos-de-la-chainette\/wp-content\/uploads\/sites\/3\/2014\/11\/Plan11.png 800w\" sizes=\"auto, (max-width: 230px) 100vw, 230px\" \/><\/a>\n<a href=\"\/clos-de-la-chainette\/wp-content\/uploads\/sites\/3\/2014\/11\/Plan3.png\" data-rel=\"lightbox-image-4\" data-rl_title=\"\" data-rl_caption=\"\" title=\"\"><img loading=\"lazy\" decoding=\"async\" class=\"alignleft wp-image-61\" src=\"\/clos-de-la-chainette\/wp-content\/uploads\/sites\/3\/2014\/11\/Plan3-222x300.png\" alt=\"Clos de la Cha\u00eenette\" width=\"222\" height=\"300\" srcset=\"https:\/\/www.chs-yonne.fr\/clos-de-la-chainette\/wp-content\/uploads\/sites\/3\/2014\/11\/Plan3-222x300.png 222w, https:\/\/www.chs-yonne.fr\/clos-de-la-chainette\/wp-content\/uploads\/sites\/3\/2014\/11\/Plan3-758x1024.png 758w, https:\/\/www.chs-yonne.fr\/clos-de-la-chainette\/wp-content\/uploads\/sites\/3\/2014\/11\/Plan3.png 778w\" sizes=\"auto, (max-width: 222px) 100vw, 222px\" \/><\/a>\n<a href=\"\/clos-de-la-chainette\/wp-content\/uploads\/sites\/3\/2014\/11\/Historique1.png\" data-rel=\"lightbox-image-5\" data-rl_title=\"\" data-rl_caption=\"\" title=\"\"><img loading=\"lazy\" decoding=\"async\" class=\"alignleft wp-image-56\" src=\"\/clos-de-la-chainette\/wp-content\/uploads\/sites\/3\/2014\/11\/Historique1-300x229.png\" alt=\"Clos de la chainette\" width=\"230\" height=\"176\" srcset=\"https:\/\/www.chs-yonne.fr\/clos-de-la-chainette\/wp-content\/uploads\/sites\/3\/2014\/11\/Historique1-300x229.png 300w, https:\/\/www.chs-yonne.fr\/clos-de-la-chainette\/wp-content\/uploads\/sites\/3\/2014\/11\/Historique1.png 800w\" sizes=\"auto, (max-width: 230px) 100vw, 230px\" \/><\/a>\n","protected":false},"excerpt":{"rendered":"<p>Compos\u00e9 \u00e0 75 % de chardonnay, et \u00e0 25 % de pinot [&hellip;]<\/p>\n","protected":false},"author":1,"featured_media":0,"parent":441,"menu_order":1,"comment_status":"open","ping_status":"closed","template":"","meta":{"footnotes":""},"class_list":["post-21","page","type-page","status-publish","hentry"],"_links":{"self":[{"href":"https:\/\/www.chs-yonne.fr\/clos-de-la-chainette\/wp-json\/wp\/v2\/pages\/21","targetHints":{"allow":["GET"]}}],"collection":[{"href":"https:\/\/www.chs-yonne.fr\/clos-de-la-chainette\/wp-json\/wp\/v2\/pages"}],"about":[{"href":"https:\/\/www.chs-yonne.fr\/clos-de-la-chainette\/wp-json\/wp\/v2\/types\/page"}],"author":[{"embeddable":true,"href":"https:\/\/www.chs-yonne.fr\/clos-de-la-chainette\/wp-json\/wp\/v2\/users\/1"}],"replies":[{"embeddable":true,"href":"https:\/\/www.chs-yonne.fr\/clos-de-la-chainette\/wp-json\/wp\/v2\/comments?post=21"}],"version-history":[{"count":28,"href":"https:\/\/www.chs-yonne.fr\/clos-de-la-chainette\/wp-json\/wp\/v2\/pages\/21\/revisions"}],"predecessor-version":[{"id":265,"href":"https:\/\/www.chs-yonne.fr\/clos-de-la-chainette\/wp-json\/wp\/v2\/pages\/21\/revisions\/265"}],"up":[{"embeddable":true,"href":"https:\/\/www.chs-yonne.fr\/clos-de-la-chainette\/wp-json\/wp\/v2\/pages\/441"}],"wp:attachment":[{"href":"https:\/\/www.chs-yonne.fr\/clos-de-la-chainette\/wp-json\/wp\/v2\/media?parent=21"}],"curies":[{"name":"wp","href":"https:\/\/api.w.org\/{rel}","templated":true}]}}