{"id":2,"date":"2014-11-20T17:20:16","date_gmt":"2014-11-20T16:20:16","guid":{"rendered":"\/clos-de-la-chainette\/?page_id=2"},"modified":"2021-12-02T10:00:25","modified_gmt":"2021-12-02T09:00:25","slug":"accueil","status":"publish","type":"page","link":"https:\/\/www.chs-yonne.fr\/clos-de-la-chainette\/","title":{"rendered":"Accueil"},"content":{"rendered":"\n<h2 class=\"wp-block-heading\">Bienvenue au Clos de la Cha\u00eenette !<\/h2>\n\n\n\n<p class=\"has-text-align-left\">Propri\u00e9taire depuis le milieu du XIX<sup>\u00e8me<\/sup> si\u00e8cle du plus ancien domaine viticole attest\u00e9 de France (VII<sup>\u00e8me<\/sup> si\u00e8cle), le CHS de l\u2019Yonne se distingue \u00e9galement par la production et la vente du prestigieux vin du Clos de la Cha\u00eenette qui contribue \u00e0 l&rsquo;identit\u00e9 et \u00e0 l&rsquo;image de la ville d&rsquo;Auxerre. [&#8230;] &nbsp;&nbsp;<a href=\"chsy\/clos-de-la-chainette\/bienvenue-au-clos\/\">&gt; Lire la suite &gt;<\/a><\/p>\n","protected":false},"excerpt":{"rendered":"<p>Bienvenue au Clos de la Cha\u00eenette ! Propri\u00e9taire depuis le milieu du [&hellip;]<\/p>\n","protected":false},"author":2,"featured_media":0,"parent":0,"menu_order":0,"comment_status":"open","ping_status":"closed","template":"","meta":{"footnotes":""},"class_list":["post-2","page","type-page","status-publish","hentry"],"_links":{"self":[{"href":"https:\/\/www.chs-yonne.fr\/clos-de-la-chainette\/wp-json\/wp\/v2\/pages\/2","targetHints":{"allow":["GET"]}}],"collection":[{"href":"https:\/\/www.chs-yonne.fr\/clos-de-la-chainette\/wp-json\/wp\/v2\/pages"}],"about":[{"href":"https:\/\/www.chs-yonne.fr\/clos-de-la-chainette\/wp-json\/wp\/v2\/types\/page"}],"author":[{"embeddable":true,"href":"https:\/\/www.chs-yonne.fr\/clos-de-la-chainette\/wp-json\/wp\/v2\/users\/2"}],"replies":[{"embeddable":true,"href":"https:\/\/www.chs-yonne.fr\/clos-de-la-chainette\/wp-json\/wp\/v2\/comments?post=2"}],"version-history":[{"count":15,"href":"https:\/\/www.chs-yonne.fr\/clos-de-la-chainette\/wp-json\/wp\/v2\/pages\/2\/revisions"}],"predecessor-version":[{"id":460,"href":"https:\/\/www.chs-yonne.fr\/clos-de-la-chainette\/wp-json\/wp\/v2\/pages\/2\/revisions\/460"}],"wp:attachment":[{"href":"https:\/\/www.chs-yonne.fr\/clos-de-la-chainette\/wp-json\/wp\/v2\/media?parent=2"}],"curies":[{"name":"wp","href":"https:\/\/api.w.org\/{rel}","templated":true}]}}