{"id":164,"date":"2014-11-24T18:23:05","date_gmt":"2014-11-24T17:23:05","guid":{"rendered":"\/clos-de-la-chainette\/?page_id=164"},"modified":"2021-11-25T12:38:17","modified_gmt":"2021-11-25T11:38:17","slug":"bienvenue-au-clos","status":"publish","type":"page","link":"https:\/\/www.chs-yonne.fr\/clos-de-la-chainette\/bienvenue-au-clos\/","title":{"rendered":"Bienvenue au Clos de la Chainette"},"content":{"rendered":"\n<div style=\"height:25px\" aria-hidden=\"true\" class=\"wp-block-spacer\"><\/div>\n\n\n\n<p>Propri\u00e9taire depuis le milieu du XIX\u00e8me si\u00e8cle du plus ancien domaine viticole attest\u00e9 de France (VII\u00e8me si\u00e8cle) &#8211; 4,20 hectares de vignes class\u00e9es en AOC Bourgogne et situ\u00e9es en plein c\u0153ur d\u2019Auxerre dans l\u2019enceinte m\u00eame de l\u2019h\u00f4pital &#8211; le CHS de l\u2019Yonne se distingue \u00e9galement par la production et la vente du prestigieux vin du Clos de la Cha\u00eenette qui contribue \u00e0 l&rsquo;identit\u00e9 et \u00e0 l&rsquo;image de la ville d&rsquo;Auxerre.<\/p>\n\n\n\n<p>Ce vignoble constitue, en effet, le dernier t\u00e9moignage d&rsquo;un vignoble ancien qui appartenait aux moines b\u00e9n\u00e9dictins de l&rsquo;abbaye de Saint-Germain et qui s&rsquo;\u00e9tendait au nord d&rsquo;Auxerre.<\/p>\n\n\n\n<p>Mais pour en arriver \u00e0 sa forme moderne actuelle, le Clos de la cha\u00eenette a subi et entrepris de tr\u00e8s nombreuses transformations depuis sa date de cr\u00e9ation.<\/p>\n\n\n\n<p>Nous vous laissons d\u00e9couvrir, \u00e0 travers ce site sp\u00e9cialement d\u00e9di\u00e9 au domaine viticole du Clos de la Cha\u00eenette, cette entit\u00e9 paysag\u00e8re exceptionnelle.<\/p>\n\n\n\n<p class=\"has-text-align-right\"><em>Yves BUZENS, Directeur du C.H.S.Y<\/em><\/p>\n\n\n\n<figure class=\"wp-block-image size-large\"><img decoding=\"async\" src=\"\/clos-de-la-chainette\/wp-content\/uploads\/sites\/3\/2021\/07\/vente2.png\" alt=\"\" \/><\/figure>\n","protected":false},"excerpt":{"rendered":"<p>Propri\u00e9taire depuis le milieu du XIX\u00e8me si\u00e8cle du plus ancien domaine viticole [&hellip;]<\/p>\n","protected":false},"author":1,"featured_media":0,"parent":0,"menu_order":0,"comment_status":"open","ping_status":"open","template":"","meta":{"footnotes":""},"class_list":["post-164","page","type-page","status-publish","hentry"],"_links":{"self":[{"href":"https:\/\/www.chs-yonne.fr\/clos-de-la-chainette\/wp-json\/wp\/v2\/pages\/164","targetHints":{"allow":["GET"]}}],"collection":[{"href":"https:\/\/www.chs-yonne.fr\/clos-de-la-chainette\/wp-json\/wp\/v2\/pages"}],"about":[{"href":"https:\/\/www.chs-yonne.fr\/clos-de-la-chainette\/wp-json\/wp\/v2\/types\/page"}],"author":[{"embeddable":true,"href":"https:\/\/www.chs-yonne.fr\/clos-de-la-chainette\/wp-json\/wp\/v2\/users\/1"}],"replies":[{"embeddable":true,"href":"https:\/\/www.chs-yonne.fr\/clos-de-la-chainette\/wp-json\/wp\/v2\/comments?post=164"}],"version-history":[{"count":9,"href":"https:\/\/www.chs-yonne.fr\/clos-de-la-chainette\/wp-json\/wp\/v2\/pages\/164\/revisions"}],"predecessor-version":[{"id":440,"href":"https:\/\/www.chs-yonne.fr\/clos-de-la-chainette\/wp-json\/wp\/v2\/pages\/164\/revisions\/440"}],"wp:attachment":[{"href":"https:\/\/www.chs-yonne.fr\/clos-de-la-chainette\/wp-json\/wp\/v2\/media?parent=164"}],"curies":[{"name":"wp","href":"https:\/\/api.w.org\/{rel}","templated":true}]}}