{"id":122,"date":"2014-11-24T16:22:19","date_gmt":"2014-11-24T15:22:19","guid":{"rendered":"\/clos-de-la-chainette\/?page_id=122"},"modified":"2021-12-02T16:46:52","modified_gmt":"2021-12-02T15:46:52","slug":"savoir-faire","status":"publish","type":"page","link":"https:\/\/www.chs-yonne.fr\/clos-de-la-chainette\/savoir-faire\/","title":{"rendered":"Le Savoir Faire"},"content":{"rendered":"\n<p><\/p>\n\n\n\n<h3 class=\"wp-block-heading\">&nbsp;<\/h3>\n\n\n\n<h3 class=\"wp-block-heading\"><a href=\"\/clos-de-la-chainette\/wp-content\/uploads\/sites\/3\/2014\/11\/feuille-de-vigne-chablis-1-e1416843156569.png\" data-rel=\"lightbox-image-0\" data-rl_title=\"\" data-rl_caption=\"\" title=\"\"><img loading=\"lazy\" decoding=\"async\" class=\"alignleft size-full wp-image-134\" src=\"\/clos-de-la-chainette\/wp-content\/uploads\/sites\/3\/2014\/11\/feuille-de-vigne-chablis-1-e1416843156569.png\" alt=\"feuille-de-vigne-chablis (1)\" width=\"60\" height=\"77\"><\/a>LES VENDANGES<\/h3>\n\n\n\n<p>Un recrutement d&rsquo;une quinzaine de vendangeurs permet d\u2019effectuer la r\u00e9colte des raisins \u00e0 la main. Du s\u00e9cateur \u00e0 la hotte, puis de la benne \u00e0 vendanges au pressoir, chaque rotation dure en moyenne 2 heures 30. Les vendanges durent environ 4 \u00e0 5 jours en fonction des mill\u00e9simes. Dans les ann\u00e9es 1990, les vendanges d\u00e9butaient fin septembre, d\u00e9but octobre. Avec le r\u00e9chauffement climatique, ces derni\u00e8res ann\u00e9es la maturit\u00e9 est acquise mi-ao\u00fbt &#8211; d\u00e9but septembre.<\/p>\n\n\n\n<div class=\"wp-block-image\"><figure class=\"aligncenter\"><a href=\"\/clos-de-la-chainette\/wp-content\/uploads\/sites\/3\/2014\/11\/Vendanges.png\" data-rel=\"lightbox-image-1\" data-rl_title=\"\" data-rl_caption=\"\" title=\"\"><img loading=\"lazy\" decoding=\"async\" width=\"666\" height=\"382\" src=\"\/clos-de-la-chainette\/wp-content\/uploads\/sites\/3\/2014\/11\/Vendanges-e1638281463587.png\" alt=\"\" class=\"wp-image-74\" srcset=\"https:\/\/www.chs-yonne.fr\/clos-de-la-chainette\/wp-content\/uploads\/sites\/3\/2014\/11\/Vendanges-e1638281463587.png 666w, https:\/\/www.chs-yonne.fr\/clos-de-la-chainette\/wp-content\/uploads\/sites\/3\/2014\/11\/Vendanges-e1638281463587-300x172.png 300w\" sizes=\"auto, (max-width: 666px) 100vw, 666px\" \/><\/a><\/figure><\/div>\n\n\n\n<hr class=\"wp-block-separator has-text-color has-background has-vivid-red-background-color has-vivid-red-color is-style-dots\" \/>\n\n\n\n<h3 class=\"wp-block-heading\"><a href=\"\/clos-de-la-chainette\/wp-content\/uploads\/sites\/3\/2014\/11\/feuille-de-vigne-chablis-1-e1416843156569.png\" data-rel=\"lightbox-image-0\" data-rl_title=\"\" data-rl_caption=\"\" title=\"\"><img loading=\"lazy\" decoding=\"async\" class=\"alignleft size-full wp-image-134\" src=\"\/clos-de-la-chainette\/wp-content\/uploads\/sites\/3\/2014\/11\/feuille-de-vigne-chablis-1-e1416843156569.png\" alt=\"feuille-de-vigne-chablis (1)\" width=\"60\" height=\"77\"><\/a>LA VINIFICATION, L&rsquo;ELEVAGE &amp; LA MISE EN BOUTEILLE<\/h3>\n\n\n\n<p>La vinification et l\u2019\u00e9levage sont r\u00e9alis\u00e9s au domaine. Un projet de r\u00e9novation de la cave ainsi que du chai a \u00e9t\u00e9 initi\u00e9 en 2018\/2019. Il s&rsquo;agissait de consolider la voute en briques, puis de r\u00e9habiliter le chai de vinification.<\/p>\n\n\n\n<p>La filtration et la mise en bouteilles, sont confi\u00e9es \u00e0 un prestataire professionnel.<\/p>\n\n\n\n<div class=\"wp-block-image\"><figure class=\"aligncenter\"><a href=\"\/clos-de-la-chainette\/wp-content\/uploads\/sites\/3\/2014\/11\/vente2.png\" data-rel=\"lightbox-image-3\" data-rl_title=\"\" data-rl_caption=\"\" title=\"\"><img loading=\"lazy\" decoding=\"async\" width=\"850\" height=\"460\" src=\"\/clos-de-la-chainette\/wp-content\/uploads\/sites\/3\/2014\/11\/vente2.png\" alt=\"\" class=\"wp-image-78\" srcset=\"https:\/\/www.chs-yonne.fr\/clos-de-la-chainette\/wp-content\/uploads\/sites\/3\/2014\/11\/vente2.png 850w, https:\/\/www.chs-yonne.fr\/clos-de-la-chainette\/wp-content\/uploads\/sites\/3\/2014\/11\/vente2-300x162.png 300w\" sizes=\"auto, (max-width: 850px) 100vw, 850px\" \/><\/a><\/figure><\/div>\n\n\n\n<hr class=\"wp-block-separator has-text-color has-background has-vivid-red-background-color has-vivid-red-color is-style-dots\" \/>\n\n\n\n<h3 class=\"wp-block-heading\"><a href=\"\/clos-de-la-chainette\/wp-content\/uploads\/sites\/3\/2014\/11\/feuille-de-vigne-chablis-1-e1416843156569.png\" data-rel=\"lightbox-image-0\" data-rl_title=\"\" data-rl_caption=\"\" title=\"\"><img loading=\"lazy\" decoding=\"async\" class=\"alignleft size-full wp-image-134\" src=\"\/clos-de-la-chainette\/wp-content\/uploads\/sites\/3\/2014\/11\/feuille-de-vigne-chablis-1-e1416843156569.png\" alt=\"feuille-de-vigne-chablis (1)\" width=\"60\" height=\"77\"><\/a><\/h3>\n\n\n\n<h3 class=\"wp-block-heading\">LA PRODUCTION<\/h3>\n\n\n\n<p>La moyenne de production se situe aux alentours de 50 hl\/ha. Les rendements \u00e0 l&rsquo;hectare des mill\u00e9simes 2017, 2019 et 2020 ont \u00e9t\u00e9 impact\u00e9s de mani\u00e8re catastrophique en raison de gels printaniers et de s\u00e8cheresses exceptionnelles.<\/p>\n\n\n\n<div class=\"wp-block-image\"><figure class=\"aligncenter\"><a href=\"\/clos-de-la-chainette\/wp-content\/uploads\/sites\/3\/2014\/11\/vente3.png\" data-rel=\"lightbox-image-5\" data-rl_title=\"\" data-rl_caption=\"\" title=\"\"><img loading=\"lazy\" decoding=\"async\" width=\"800\" height=\"600\" src=\"\/clos-de-la-chainette\/wp-content\/uploads\/sites\/3\/2014\/11\/vente3.png\" alt=\"\" class=\"wp-image-79\" srcset=\"https:\/\/www.chs-yonne.fr\/clos-de-la-chainette\/wp-content\/uploads\/sites\/3\/2014\/11\/vente3.png 800w, https:\/\/www.chs-yonne.fr\/clos-de-la-chainette\/wp-content\/uploads\/sites\/3\/2014\/11\/vente3-300x225.png 300w\" sizes=\"auto, (max-width: 800px) 100vw, 800px\" \/><\/a><\/figure><\/div>\n\n\n\n<hr class=\"wp-block-separator has-text-color has-background has-vivid-red-background-color has-vivid-red-color is-style-dots\" \/>\n\n\n\n<h3 class=\"wp-block-heading\"><a href=\"\/clos-de-la-chainette\/wp-content\/uploads\/sites\/3\/2014\/11\/feuille-de-vigne-chablis-1-e1416843156569.png\" data-rel=\"lightbox-image-0\" data-rl_title=\"\" data-rl_caption=\"\" title=\"\"><img loading=\"lazy\" decoding=\"async\" class=\"alignleft size-full wp-image-134\" src=\"\/clos-de-la-chainette\/wp-content\/uploads\/sites\/3\/2014\/11\/feuille-de-vigne-chablis-1-e1416843156569.png\" alt=\"feuille-de-vigne-chablis (1)\" width=\"60\" height=\"77\"><\/a><\/h3>\n\n\n\n<h3 class=\"wp-block-heading\">LA COMMERCIALISATION<\/h3>\n\n\n\n<p>Elle se d\u00e9roule la deuxi\u00e8me semaine de d\u00e9cembre, sur 6 jours, \u00e0 la cave du Domaine, accessible par l\u2019avenue Charles de Gaulle.<br>2 500 clients inscrits sur notre fichier sont invit\u00e9s \u00e0 venir retirer un lot de 10 \u00e0 12 bouteilles en moyenne par mill\u00e9sime. Par ailleurs, un fichier \u00ab attente \u00bb permet \u00e0 300 autres de patienter encore quelques ann\u00e9es avant de d\u00e9guster la dive bouteille.<\/p>\n\n\n\n<p>Les tarifs des vins du Domaine du Clos de la Cha\u00eenette sont fix\u00e9s, chaque ann\u00e9e, par d\u00e9lib\u00e9ration du Conseil de Surveillance de l\u2019\u00e9tablissement.<\/p>\n","protected":false},"excerpt":{"rendered":"<p>&nbsp; LES VENDANGES Un recrutement d&rsquo;une quinzaine de vendangeurs permet d\u2019effectuer la [&hellip;]<\/p>\n","protected":false},"author":1,"featured_media":0,"parent":0,"menu_order":3,"comment_status":"open","ping_status":"closed","template":"","meta":{"footnotes":""},"class_list":["post-122","page","type-page","status-publish","hentry"],"_links":{"self":[{"href":"https:\/\/www.chs-yonne.fr\/clos-de-la-chainette\/wp-json\/wp\/v2\/pages\/122","targetHints":{"allow":["GET"]}}],"collection":[{"href":"https:\/\/www.chs-yonne.fr\/clos-de-la-chainette\/wp-json\/wp\/v2\/pages"}],"about":[{"href":"https:\/\/www.chs-yonne.fr\/clos-de-la-chainette\/wp-json\/wp\/v2\/types\/page"}],"author":[{"embeddable":true,"href":"https:\/\/www.chs-yonne.fr\/clos-de-la-chainette\/wp-json\/wp\/v2\/users\/1"}],"replies":[{"embeddable":true,"href":"https:\/\/www.chs-yonne.fr\/clos-de-la-chainette\/wp-json\/wp\/v2\/comments?post=122"}],"version-history":[{"count":20,"href":"https:\/\/www.chs-yonne.fr\/clos-de-la-chainette\/wp-json\/wp\/v2\/pages\/122\/revisions"}],"predecessor-version":[{"id":473,"href":"https:\/\/www.chs-yonne.fr\/clos-de-la-chainette\/wp-json\/wp\/v2\/pages\/122\/revisions\/473"}],"wp:attachment":[{"href":"https:\/\/www.chs-yonne.fr\/clos-de-la-chainette\/wp-json\/wp\/v2\/media?parent=122"}],"curies":[{"name":"wp","href":"https:\/\/api.w.org\/{rel}","templated":true}]}}